{"id":1917,"date":"2025-10-24T12:39:39","date_gmt":"2025-10-24T12:39:39","guid":{"rendered":"https:\/\/sitementor.hu\/?page_id=1917"},"modified":"2025-10-24T12:45:16","modified_gmt":"2025-10-24T12:45:16","slug":"koszonjuk","status":"publish","type":"page","link":"https:\/\/sitementor.hu\/en\/koszonjuk\/","title":{"rendered":"Thank you"},"content":{"rendered":"<div data-elementor-type=\"wp-page\" data-elementor-id=\"1917\" class=\"elementor elementor-1917\" data-elementor-post-type=\"page\">\n\t\t\t\t<div class=\"elementor-element elementor-element-b8811b0 e-flex e-con-boxed e-con e-parent\" data-id=\"b8811b0\" data-element_type=\"container\" data-e-type=\"container\" data-settings=\"{&quot;background_background&quot;:&quot;classic&quot;}\">\n\t\t\t\t\t<div class=\"e-con-inner\">\n\t\t\t\t<div class=\"elementor-element elementor-element-04ce39e elementor-widget elementor-widget-text-editor\" data-id=\"04ce39e\" data-element_type=\"widget\" data-e-type=\"widget\" data-widget_type=\"text-editor.default\">\n\t\t\t\t<div class=\"elementor-widget-container\">\n\t\t\t\t\t\t\t\t\t<h1 style=\"text-align: center;\"><strong>Thank you for contacting us! <br \/>We got your message, we'll be in touch soon.<\/strong><\/h1><h2 style=\"text-align: center;\"><strong>Be sure to check your mail, because we have already sent you an automated message. <br \/>If you can't find it you might want to check the <span style=\"color: #ff0000;\">SPAM<\/span> or the <span style=\"color: #ff0000;\">PROMOCIO<\/span> folder.<\/strong><\/h2>\t\t\t\t\t\t\t\t<\/div>\n\t\t\t\t<\/div>\n\t\t\t\t\t<\/div>\n\t\t\t\t<\/div>\n\t\t\t\t<\/div>","protected":false},"excerpt":{"rendered":"<p>Thank you for contacting us! We received your message and will be in touch soon. Be sure to check your mail, we have already sent you an automated message. If you can't find it, you might want to check your SPAM or PROMOCIO folder.<\/p>","protected":false},"author":2,"featured_media":0,"parent":0,"menu_order":0,"comment_status":"closed","ping_status":"closed","template":"","meta":{"_acf_changed":false,"footnotes":""},"class_list":["post-1917","page","type-page","status-publish"],"acf":[],"yoast_head":"<!-- This site is optimized with the Yoast SEO Premium plugin v27.5 (Yoast SEO v27.5) - https:\/\/yoast.com\/product\/yoast-seo-premium-wordpress\/ -->\n<title>K\u00f6sz\u00f6nj\u00fck - SITEMENTOR<\/title>\n<meta name=\"robots\" content=\"index, follow, max-snippet:-1, max-image-preview:large, max-video-preview:-1\" \/>\n<link rel=\"canonical\" href=\"https:\/\/sitementor.hu\/en\/koszonjuk\/\" \/>\n<meta property=\"og:locale\" content=\"en_GB\" \/>\n<meta property=\"og:type\" content=\"article\" \/>\n<meta property=\"og:title\" content=\"K\u00f6sz\u00f6nj\u00fck\" \/>\n<meta property=\"og:description\" content=\"K\u00f6sz\u00f6nj\u00fck, hogy felvetted vel\u00fcnk a kapcsolatot! Megkaptuk az \u00fczenetedet, hamarosan jelentkez\u00fcnk. Felt\u00e9tlen n\u00e9zd meg a levelez\u00e9sed, mert k\u00fcldt\u00fcnk m\u00e1r egy automata \u00fczenetet is. Ha nem tal\u00e1lod \u00e9rdemes megn\u00e9zni a SPAM vagy a PROMOCIO mapp\u00e1t is.\" \/>\n<meta property=\"og:url\" content=\"https:\/\/sitementor.hu\/en\/koszonjuk\/\" \/>\n<meta property=\"og:site_name\" content=\"SITEMENTOR\" \/>\n<meta property=\"article:modified_time\" content=\"2025-10-24T12:45:16+00:00\" \/>\n<meta name=\"twitter:card\" content=\"summary_large_image\" \/>\n<script type=\"application\/ld+json\" class=\"yoast-schema-graph\">{\"@context\":\"https:\\\/\\\/schema.org\",\"@graph\":[{\"@type\":\"WebPage\",\"@id\":\"https:\\\/\\\/sitementor.hu\\\/koszonjuk\\\/\",\"url\":\"https:\\\/\\\/sitementor.hu\\\/koszonjuk\\\/\",\"name\":\"K\u00f6sz\u00f6nj\u00fck - SITEMENTOR\",\"isPartOf\":{\"@id\":\"https:\\\/\\\/sitementor.hu\\\/#website\"},\"datePublished\":\"2025-10-24T12:39:39+00:00\",\"dateModified\":\"2025-10-24T12:45:16+00:00\",\"breadcrumb\":{\"@id\":\"https:\\\/\\\/sitementor.hu\\\/koszonjuk\\\/#breadcrumb\"},\"inLanguage\":\"en-GB\",\"potentialAction\":[{\"@type\":\"ReadAction\",\"target\":[\"https:\\\/\\\/sitementor.hu\\\/koszonjuk\\\/\"]}]},{\"@type\":\"BreadcrumbList\",\"@id\":\"https:\\\/\\\/sitementor.hu\\\/koszonjuk\\\/#breadcrumb\",\"itemListElement\":[{\"@type\":\"ListItem\",\"position\":1,\"name\":\"Kezd\u0151lap\",\"item\":\"https:\\\/\\\/sitementor.hu\\\/\"},{\"@type\":\"ListItem\",\"position\":2,\"name\":\"K\u00f6sz\u00f6nj\u00fck\"}]},{\"@type\":\"WebSite\",\"@id\":\"https:\\\/\\\/sitementor.hu\\\/#website\",\"url\":\"https:\\\/\\\/sitementor.hu\\\/\",\"name\":\"SITEMENTOR\",\"description\":\"SIteMentor\",\"publisher\":{\"@id\":\"https:\\\/\\\/sitementor.hu\\\/#organization\"},\"potentialAction\":[{\"@type\":\"SearchAction\",\"target\":{\"@type\":\"EntryPoint\",\"urlTemplate\":\"https:\\\/\\\/sitementor.hu\\\/?s={search_term_string}\"},\"query-input\":{\"@type\":\"PropertyValueSpecification\",\"valueRequired\":true,\"valueName\":\"search_term_string\"}}],\"inLanguage\":\"en-GB\"},{\"@type\":\"Organization\",\"@id\":\"https:\\\/\\\/sitementor.hu\\\/#organization\",\"name\":\"SITEMENTOR\",\"url\":\"https:\\\/\\\/sitementor.hu\\\/\",\"logo\":{\"@type\":\"ImageObject\",\"inLanguage\":\"en-GB\",\"@id\":\"https:\\\/\\\/sitementor.hu\\\/#\\\/schema\\\/logo\\\/image\\\/\",\"url\":\"https:\\\/\\\/sitementor.hu\\\/wp-content\\\/uploads\\\/2025\\\/06\\\/sitementorlogo-scaled-e1750068409935.webp\",\"contentUrl\":\"https:\\\/\\\/sitementor.hu\\\/wp-content\\\/uploads\\\/2025\\\/06\\\/sitementorlogo-scaled-e1750068409935.webp\",\"width\":1152,\"height\":1020,\"caption\":\"SITEMENTOR\"},\"image\":{\"@id\":\"https:\\\/\\\/sitementor.hu\\\/#\\\/schema\\\/logo\\\/image\\\/\"}}]}<\/script>\n<!-- \/ Yoast SEO Premium plugin. -->","yoast_head_json":{"title":"Thank you - SITEMENTOR","robots":{"index":"index","follow":"follow","max-snippet":"max-snippet:-1","max-image-preview":"max-image-preview:large","max-video-preview":"max-video-preview:-1"},"canonical":"https:\/\/sitementor.hu\/en\/koszonjuk\/","og_locale":"en_GB","og_type":"article","og_title":"K\u00f6sz\u00f6nj\u00fck","og_description":"K\u00f6sz\u00f6nj\u00fck, hogy felvetted vel\u00fcnk a kapcsolatot! Megkaptuk az \u00fczenetedet, hamarosan jelentkez\u00fcnk. Felt\u00e9tlen n\u00e9zd meg a levelez\u00e9sed, mert k\u00fcldt\u00fcnk m\u00e1r egy automata \u00fczenetet is. Ha nem tal\u00e1lod \u00e9rdemes megn\u00e9zni a SPAM vagy a PROMOCIO mapp\u00e1t is.","og_url":"https:\/\/sitementor.hu\/en\/koszonjuk\/","og_site_name":"SITEMENTOR","article_modified_time":"2025-10-24T12:45:16+00:00","twitter_card":"summary_large_image","schema":{"@context":"https:\/\/schema.org","@graph":[{"@type":"WebPage","@id":"https:\/\/sitementor.hu\/koszonjuk\/","url":"https:\/\/sitementor.hu\/koszonjuk\/","name":"Thank you - SITEMENTOR","isPartOf":{"@id":"https:\/\/sitementor.hu\/#website"},"datePublished":"2025-10-24T12:39:39+00:00","dateModified":"2025-10-24T12:45:16+00:00","breadcrumb":{"@id":"https:\/\/sitementor.hu\/koszonjuk\/#breadcrumb"},"inLanguage":"en-GB","potentialAction":[{"@type":"ReadAction","target":["https:\/\/sitementor.hu\/koszonjuk\/"]}]},{"@type":"BreadcrumbList","@id":"https:\/\/sitementor.hu\/koszonjuk\/#breadcrumb","itemListElement":[{"@type":"ListItem","position":1,"name":"Kezd\u0151lap","item":"https:\/\/sitementor.hu\/"},{"@type":"ListItem","position":2,"name":"K\u00f6sz\u00f6nj\u00fck"}]},{"@type":"WebSite","@id":"https:\/\/sitementor.hu\/#website","url":"https:\/\/sitementor.hu\/","name":"SITEMENTOR","description":"SIteMentor","publisher":{"@id":"https:\/\/sitementor.hu\/#organization"},"potentialAction":[{"@type":"SearchAction","target":{"@type":"EntryPoint","urlTemplate":"https:\/\/sitementor.hu\/?s={search_term_string}"},"query-input":{"@type":"PropertyValueSpecification","valueRequired":true,"valueName":"search_term_string"}}],"inLanguage":"en-GB"},{"@type":"Organization","@id":"https:\/\/sitementor.hu\/#organization","name":"SITEMENTOR","url":"https:\/\/sitementor.hu\/","logo":{"@type":"ImageObject","inLanguage":"en-GB","@id":"https:\/\/sitementor.hu\/#\/schema\/logo\/image\/","url":"https:\/\/sitementor.hu\/wp-content\/uploads\/2025\/06\/sitementorlogo-scaled-e1750068409935.webp","contentUrl":"https:\/\/sitementor.hu\/wp-content\/uploads\/2025\/06\/sitementorlogo-scaled-e1750068409935.webp","width":1152,"height":1020,"caption":"SITEMENTOR"},"image":{"@id":"https:\/\/sitementor.hu\/#\/schema\/logo\/image\/"}}]}},"_links":{"self":[{"href":"https:\/\/sitementor.hu\/en\/wp-json\/wp\/v2\/pages\/1917","targetHints":{"allow":["GET"]}}],"collection":[{"href":"https:\/\/sitementor.hu\/en\/wp-json\/wp\/v2\/pages"}],"about":[{"href":"https:\/\/sitementor.hu\/en\/wp-json\/wp\/v2\/types\/page"}],"author":[{"embeddable":true,"href":"https:\/\/sitementor.hu\/en\/wp-json\/wp\/v2\/users\/2"}],"replies":[{"embeddable":true,"href":"https:\/\/sitementor.hu\/en\/wp-json\/wp\/v2\/comments?post=1917"}],"version-history":[{"count":10,"href":"https:\/\/sitementor.hu\/en\/wp-json\/wp\/v2\/pages\/1917\/revisions"}],"predecessor-version":[{"id":1927,"href":"https:\/\/sitementor.hu\/en\/wp-json\/wp\/v2\/pages\/1917\/revisions\/1927"}],"wp:attachment":[{"href":"https:\/\/sitementor.hu\/en\/wp-json\/wp\/v2\/media?parent=1917"}],"curies":[{"name":"wp","href":"https:\/\/api.w.org\/{rel}","templated":true}]}}