{"id":119,"date":"2025-06-16T18:49:04","date_gmt":"2025-06-16T18:49:04","guid":{"rendered":"https:\/\/sitementor.hu\/?page_id=119"},"modified":"2026-02-25T16:07:33","modified_gmt":"2026-02-25T16:07:33","slug":"data-management-information","status":"publish","type":"page","link":"https:\/\/sitementor.hu\/en\/adatkezelesi-tajekoztato\/","title":{"rendered":"Data processing information"},"content":{"rendered":"\t\t<div data-elementor-type=\"wp-page\" data-elementor-id=\"119\" class=\"elementor elementor-119\" data-elementor-post-type=\"page\">\n\t\t\t\t<div class=\"elementor-element elementor-element-f9b4aea e-flex e-con-boxed e-con e-parent\" data-id=\"f9b4aea\" data-element_type=\"container\" data-e-type=\"container\">\n\t\t\t\t\t<div class=\"e-con-inner\">\n\t\t\t\t<div class=\"elementor-element elementor-element-efeaad1 elementor-widget elementor-widget-heading\" data-id=\"efeaad1\" data-element_type=\"widget\" data-e-type=\"widget\" data-widget_type=\"heading.default\">\n\t\t\t\t<div class=\"elementor-widget-container\">\n\t\t\t\t\t<h2 class=\"elementor-heading-title elementor-size-default\">Adatkezel\u00e9si T\u00e1j\u00e9koztat\u00f3 (Privacy Policy)<\/h2>\t\t\t\t<\/div>\n\t\t\t\t<\/div>\n\t\t\t\t\t<\/div>\n\t\t\t\t<\/div>\n\t\t<div class=\"elementor-element elementor-element-e579a63 e-flex e-con-boxed e-con e-parent\" data-id=\"e579a63\" data-element_type=\"container\" data-e-type=\"container\">\n\t\t\t\t\t<div class=\"e-con-inner\">\n\t\t\t\t<div class=\"elementor-element elementor-element-fe521f5 elementor-widget elementor-widget-html\" data-id=\"fe521f5\" data-element_type=\"widget\" data-e-type=\"widget\" data-widget_type=\"html.default\">\n\t\t\t\t<div class=\"elementor-widget-container\">\n\t\t\t\t\t<div class=\"sm-aszf-wrapper\">\r\n  <style>\r\n    .sm-aszf-wrapper {\r\n      background-color: #111827;\r\n      color: #d1d5db;\r\n      font-family: 'Montserrat', 'Lato', sans-serif;\r\n      padding: 60px 20px;\r\n      line-height: 1.7;\r\n      box-sizing: border-box;\r\n    }\r\n    .sm-aszf-wrapper * { box-sizing: border-box; }\r\n    \r\n    .sm-aszf-container {\r\n      max-width: 900px;\r\n      margin: 0 auto;\r\n      background: #1F2937;\r\n      border: 1px solid #374151;\r\n      border-radius: 16px;\r\n      padding: 40px;\r\n      box-shadow: 0 20px 40px rgba(0,0,0,0.4);\r\n    }\r\n    \r\n    @media (min-width: 768px) {\r\n      .sm-aszf-container { padding: 60px; }\r\n    }\r\n\r\n    .sm-aszf-header {\r\n      text-align: center;\r\n      margin-bottom: 50px;\r\n      padding-bottom: 30px;\r\n      border-bottom: 2px solid #374151;\r\n    }\r\n\r\n    .sm-aszf-title {\r\n      font-size: 2.2rem;\r\n      font-weight: 800;\r\n      color: #ffffff;\r\n      margin-bottom: 10px;\r\n      line-height: 1.2;\r\n    }\r\n    \r\n    .sm-aszf-subtitle {\r\n      font-size: 1rem;\r\n      color: #9ca3af;\r\n    }\r\n\r\n    .sm-aszf-highlight { color: #FACC15; }\r\n\r\n    .sm-aszf-section { margin-bottom: 40px; }\r\n    \r\n    .sm-aszf-h2 {\r\n      font-size: 1.5rem;\r\n      font-weight: 700;\r\n      color: #FACC15;\r\n      margin-top: 0;\r\n      margin-bottom: 20px;\r\n      display: flex;\r\n      align-items: center;\r\n      gap: 10px;\r\n    }\r\n\r\n    .sm-aszf-h2::before {\r\n      content: '';\r\n      display: inline-block;\r\n      width: 8px;\r\n      height: 24px;\r\n      background-color: #FACC15;\r\n      border-radius: 4px;\r\n    }\r\n\r\n    .sm-aszf-h3 {\r\n      font-size: 1.2rem;\r\n      font-weight: 600;\r\n      color: #ffffff;\r\n      margin-top: 30px;\r\n      margin-bottom: 15px;\r\n    }\r\n\r\n    .sm-aszf-text {\r\n      font-size: 1rem;\r\n      margin-bottom: 15px;\r\n    }\r\n\r\n    .sm-aszf-list {\r\n      list-style-type: none;\r\n      padding: 0;\r\n      margin: 0 0 20px 0;\r\n    }\r\n\r\n    .sm-aszf-list li {\r\n      position: relative;\r\n      padding-left: 25px;\r\n      margin-bottom: 10px;\r\n    }\r\n\r\n    .sm-aszf-list li::before {\r\n      content: '\u25a0';\r\n      color: #FACC15;\r\n      font-size: 0.8rem;\r\n      position: absolute;\r\n      left: 0;\r\n      top: 2px;\r\n    }\r\n\r\n    .sm-aszf-provider-box {\r\n      background: rgba(17, 24, 39, 0.6);\r\n      border: 1px dashed #4B5563;\r\n      border-radius: 12px;\r\n      padding: 25px;\r\n      margin-bottom: 40px;\r\n    }\r\n\r\n    .sm-aszf-provider-box p {\r\n      margin: 8px 0;\r\n      color: #e5e7eb;\r\n    }\r\n\r\n    .sm-aszf-provider-box strong { color: #ffffff; }\r\n\r\n    .sm-aszf-footer {\r\n      text-align: center;\r\n      margin-top: 60px;\r\n      padding-top: 20px;\r\n      border-top: 1px solid #374151;\r\n      font-size: 0.9rem;\r\n      color: #6b7280;\r\n    }\r\n  <\/style>\r\n\r\n  <div class=\"sm-aszf-container\">\r\n    \r\n    <div class=\"sm-aszf-header\">\r\n      <h1 class=\"sm-aszf-title\">Adatkezel\u00e9si <span class=\"sm-aszf-highlight\">T\u00e1j\u00e9koztat\u00f3<\/span><\/h1>\r\n      <p class=\"sm-aszf-subtitle\">Hat\u00e1lyos: 2026. janu\u00e1r 1-t\u0151l visszavon\u00e1sig<\/p>\r\n    <\/div>\r\n\r\n    <div class=\"sm-aszf-section\">\r\n      <p class=\"sm-aszf-text\">A jelen adatkezel\u00e9si t\u00e1j\u00e9koztat\u00f3 c\u00e9lja, hogy a <strong>sitementor.hu<\/strong> weboldal (a tov\u00e1bbiakban: Weboldal) l\u00e1togat\u00f3i, \u00e9rdekl\u0151d\u0151i \u00e9s \u00fcgyfelei \u00e1tl\u00e1that\u00f3 t\u00e1j\u00e9koztat\u00e1st kapjanak a szem\u00e9lyes adataik kezel\u00e9s\u00e9r\u0151l, a GDPR (\u00c1ltal\u00e1nos Adatv\u00e9delmi Rendelet) \u00e9s az inform\u00e1ci\u00f3s \u00f6nrendelkez\u00e9si jogr\u00f3l \u00e9s az inform\u00e1ci\u00f3szabads\u00e1gr\u00f3l sz\u00f3l\u00f3 2011. \u00e9vi CXII. t\u00f6rv\u00e9ny el\u0151\u00edr\u00e1sainak megfelel\u0151en.<\/p>\r\n    <\/div>\r\n\r\n    <div class=\"sm-aszf-section\">\r\n      <h2 class=\"sm-aszf-h2\">1. Az Adatkezel\u0151 Adatai<\/h2>\r\n      <div class=\"sm-aszf-provider-box\">\r\n        <p><strong>N\u00e9v:<\/strong> Jamrik Gergely egy\u00e9ni v\u00e1llalkoz\u00f3 (SiteMentor)<\/p>\r\n        <p><strong>Sz\u00e9khely:<\/strong> 1157 Budapest, Erd\u0151ker\u00fcl\u0151 utca 11.<\/p>\r\n        <p><strong>Ad\u00f3sz\u00e1m:<\/strong> 91540618-1-42<\/p>\r\n        <p><strong>Nyilv\u00e1ntart\u00e1si sz\u00e1m:<\/strong> [Ide \u00edrj\u00e1tok be Gerg\u0151 EV nyilv\u00e1ntart\u00e1si sz\u00e1m\u00e1t]<\/p>\r\n        <p><strong>E-mail c\u00edm:<\/strong> info@sitementor.hu<\/p>\r\n        <p><strong>Telefonsz\u00e1m:<\/strong> +36 70 280 6732<\/p>\r\n        <p><strong>Weboldal:<\/strong> <a href=\"https:\/\/sitementor.hu\" style=\"color: #FACC15; text-decoration: none;\">https:\/\/sitementor.hu<\/a><\/p>\r\n      <\/div>\r\n    <\/div>\r\n\r\n    <div class=\"sm-aszf-section\">\r\n      <h2 class=\"sm-aszf-h2\">2. Kezelt Adatok K\u00f6re, C\u00e9lja \u00e9s Jogalapja<\/h2>\r\n      \r\n      <h3 class=\"sm-aszf-h3\">2.1. Kapcsolatfelv\u00e9tel, aj\u00e1nlatk\u00e9r\u00e9s \u00e9s Ingyenes Audit k\u00e9r\u00e9se<\/h3>\r\n      <p class=\"sm-aszf-text\">Amikor a Weboldalon tal\u00e1lhat\u00f3 \u0171rlapokon (pl. kapcsolat, \u00e1llapotfelm\u00e9r\u00e9s) kereszt\u00fcl \u00fczenetet k\u00fcld nek\u00fcnk, szem\u00e9lyes adatokat ad meg.<\/p>\r\n      <ul class=\"sm-aszf-list\">\r\n        <li><strong>Kezelt adatok:<\/strong> N\u00e9v, e-mail c\u00edm, weboldal URL-je, telefonsz\u00e1m, \u00e9s az \u00fczenetben\/\u0171rlapon megadott egy\u00e9b inform\u00e1ci\u00f3k (pl. weboldal \u00e1llapota).<\/li>\r\n        <li><strong>Adatkezel\u00e9s c\u00e9lja:<\/strong> Kapcsolatfelv\u00e9tel, \u00e1raj\u00e1nlat ad\u00e1sa, az ingyenes \u00e1llapotfelm\u00e9r\u00e9s\/audit elv\u00e9gz\u00e9se \u00e9s az eredm\u00e9ny megk\u00fcld\u00e9se, felmer\u00fcl\u0151 k\u00e9rd\u00e9sek megv\u00e1laszol\u00e1sa.<\/li>\r\n        <li><strong>Adatkezel\u00e9s jogalapja:<\/strong> Az \u00c9rintett \u00f6nk\u00e9ntes hozz\u00e1j\u00e1rul\u00e1sa [GDPR 6. cikk (1) bek. a) pont], illetve szerz\u0151d\u00e9sk\u00f6t\u00e9st megel\u0151z\u0151 l\u00e9p\u00e9sek megt\u00e9tele [GDPR 6. cikk (1) bek. b) pont].<\/li>\r\n        <li><strong>Adatkezel\u00e9s id\u0151tartama:<\/strong> Az aj\u00e1nlatk\u00e9r\u00e9s el\u00e9v\u00fcl\u00e9s\u00e9ig, szerz\u0151d\u00e9sk\u00f6t\u00e9s hi\u00e1ny\u00e1ban az utols\u00f3 kapcsolatfelv\u00e9telt\u0151l sz\u00e1m\u00edtott legfeljebb 1 \u00e9vig, vagy a hozz\u00e1j\u00e1rul\u00e1s visszavon\u00e1s\u00e1ig.<\/li>\r\n      <\/ul>\r\n\r\n      <h3 class=\"sm-aszf-h3\">2.2. Szerz\u0151d\u00e9sk\u00f6t\u00e9s \u00e9s sz\u00e1ml\u00e1z\u00e1s<\/h3>\r\n      <p class=\"sm-aszf-text\">Amennyiben weboldalk\u00e9sz\u00edt\u00e9si vagy karbantart\u00e1si szolg\u00e1ltat\u00e1sunkat megrendeli, a szerz\u0151d\u00e9s teljes\u00edt\u00e9s\u00e9hez \u00e9s a sz\u00e1mviteli k\u00f6telezetts\u00e9gekhez elengedhetetlen adatok kezel\u00e9se t\u00f6rt\u00e9nik.<\/p>\r\n      <ul class=\"sm-aszf-list\">\r\n        <li><strong>Kezelt adatok:<\/strong> N\u00e9v\/C\u00e9gn\u00e9v, sz\u00e1ml\u00e1z\u00e1si c\u00edm, ad\u00f3sz\u00e1m, kapcsolattart\u00f3 neve \u00e9s el\u00e9rhet\u0151s\u00e9ge.<\/li>\r\n        <li><strong>Adatkezel\u00e9s c\u00e9lja:<\/strong> Szolg\u00e1ltat\u00e1sny\u00fajt\u00e1s, sz\u00e1mlaki\u00e1ll\u00edt\u00e1s, sz\u00e1mviteli k\u00f6telezetts\u00e9gek teljes\u00edt\u00e9se.<\/li>\r\n        <li><strong>Adatkezel\u00e9s jogalapja:<\/strong> Jogi k\u00f6telezetts\u00e9g teljes\u00edt\u00e9se [GDPR 6. cikk (1) bek. c) pont] a Sz\u00e1mviteli t\u00f6rv\u00e9ny el\u0151\u00edr\u00e1sai alapj\u00e1n.<\/li>\r\n        <li><strong>Adatkezel\u00e9s id\u0151tartama:<\/strong> A sz\u00e1mviteli t\u00f6rv\u00e9ny el\u0151\u00edr\u00e1sai szerint 8 \u00e9v.<\/li>\r\n      <\/ul>\r\n\r\n      <h3 class=\"sm-aszf-h3\">2.3. H\u00edrlev\u00e9l \u00e9s Marketing automatiz\u00e1ci\u00f3 (Fluent CRM)<\/h3>\r\n      <p class=\"sm-aszf-text\">Weboldalunk Fluent CRM rendszert haszn\u00e1l az \u00e9rdekl\u0151d\u0151k ut\u00f3k\u00f6vet\u00e9s\u00e9re \u00e9s szakmai anyagok kik\u00fcld\u00e9s\u00e9re.<\/p>\r\n      <ul class=\"sm-aszf-list\">\r\n        <li><strong>Kezelt adatok:<\/strong> N\u00e9v, e-mail c\u00edm, \u00e9rdekl\u0151d\u00e9si k\u00f6r (pl. kapott c\u00edmk\u00e9k\/tagek).<\/li>\r\n        <li><strong>Adatkezel\u00e9s c\u00e9lja:<\/strong> Marketing c\u00e9l\u00fa e-mailek, aj\u00e1nlatok, eduk\u00e1ci\u00f3s anyagok k\u00fcld\u00e9se.<\/li>\r\n        <li><strong>Adatkezel\u00e9s jogalapja:<\/strong> \u00d6nk\u00e9ntes hozz\u00e1j\u00e1rul\u00e1s [GDPR 6. cikk (1) bek. a) pont].<\/li>\r\n        <li><strong>Adatkezel\u00e9s id\u0151tartama:<\/strong> A hozz\u00e1j\u00e1rul\u00e1s visszavon\u00e1s\u00e1ig (leiratkoz\u00e1sig). Minden h\u00edrlevel\u00fcnk alj\u00e1n megtal\u00e1lhat\u00f3 a leiratkoz\u00e1si link.<\/li>\r\n      <\/ul>\r\n    <\/div>\r\n\r\n    <div class=\"sm-aszf-section\">\r\n      <h2 class=\"sm-aszf-h2\">3. S\u00fctik (Cookies) \u00e9s Webanalitika<\/h2>\r\n      <p class=\"sm-aszf-text\">A Weboldal a megfelel\u0151 m\u0171k\u00f6d\u00e9s, az elemz\u00e9sek \u00e9s a felhaszn\u00e1l\u00f3i \u00e9lm\u00e9ny jav\u00edt\u00e1sa \u00e9rdek\u00e9ben s\u00fctiket (cookie-kat) haszn\u00e1l. Ezek kis sz\u00f6veges f\u00e1jlok, amelyeket a b\u00f6ng\u00e9sz\u0151 t\u00e1rol el.<\/p>\r\n      <ul class=\"sm-aszf-list\">\r\n        <li><strong>Felt\u00e9tlen\u00fcl sz\u00fcks\u00e9ges s\u00fctik:<\/strong> A weboldal alapvet\u0151 m\u0171k\u00f6d\u00e9s\u00e9hez kellenek, be\u00e1ll\u00edt\u00e1sukhoz nem kell hozz\u00e1j\u00e1rul\u00e1s.<\/li>\r\n        <li><strong>Analitikai s\u00fctik:<\/strong> (pl. Google Analytics) Ezek seg\u00edts\u00e9g\u00e9vel anonimiz\u00e1lt statisztik\u00e1kat gy\u0171jt\u00fcnk a l\u00e1togat\u00f3i szok\u00e1sokr\u00f3l (pl. melyik aloldalt h\u00e1nyan n\u00e9zik meg). Jogalapja a l\u00e1togat\u00f3 hozz\u00e1j\u00e1rul\u00e1sa.<\/li>\r\n      <\/ul>\r\n      <p class=\"sm-aszf-text\">A s\u00fctik kezel\u00e9s\u00e9t a weboldalra \u00e9rkez\u00e9skor megjelen\u0151 s\u00e1vban, illetve saj\u00e1t b\u00f6ng\u00e9sz\u0151j\u00e9nek be\u00e1ll\u00edt\u00e1saiban szab\u00e1lyozhatja, t\u00f6r\u00f6lheti.<\/p>\r\n    <\/div>\r\n\r\n    <div class=\"sm-aszf-section\">\r\n      <h2 class=\"sm-aszf-h2\">4. Adatfeldolgoz\u00f3k (Kik f\u00e9rhetnek hozz\u00e1 az adatokhoz?)<\/h2>\r\n      <p class=\"sm-aszf-text\">Az Adatkezel\u0151 a szolg\u00e1ltat\u00e1sok magas szint\u0171 biztos\u00edt\u00e1sa \u00e9rdek\u00e9ben az al\u00e1bbi partnereket (adatfeldolgoz\u00f3kat) veszi ig\u00e9nybe, akik az adatokat kiz\u00e1r\u00f3lag az Adatkezel\u0151 utas\u00edt\u00e1sai alapj\u00e1n kezelhetik:<\/p>\r\n      <ul class=\"sm-aszf-list\">\r\n        <li><strong>T\u00e1rhelyszolg\u00e1ltat\u00f3:<\/strong> [Ide \u00edrj\u00e1tok be a t\u00e1rhelyszolg\u00e1ltat\u00f3tok nev\u00e9t, pl. Sybell Informatika Kft., 1158 Budapest, K\u00e9sm\u00e1rk u. 7\/B.] - C\u00e9l: a weboldal \u00fczemeltet\u00e9se \u00e9s a levelez\u00e9s biztos\u00edt\u00e1sa.<\/li>\r\n        <li><strong>K\u00f6nyvel\u00e9s:<\/strong> [Ide \u00edrj\u00e1tok be a k\u00f6nyvel\u0151 nev\u00e9t\/c\u00e9g\u00e9t, ha van] - C\u00e9l: Sz\u00e1ml\u00e1k k\u00f6nyvel\u00e9se, ad\u00f3\u00fcgyek int\u00e9z\u00e9se.<\/li>\r\n        <li><strong>Sz\u00e1ml\u00e1z\u00f3 program:<\/strong> [Pl. KBOSS.hu Kft. (Sz\u00e1ml\u00e1zz.hu) \/ Billingo] - C\u00e9l: Elektronikus sz\u00e1ml\u00e1k ki\u00e1ll\u00edt\u00e1sa.<\/li>\r\n        <li><strong>Marketing\/Analitika rendszerek:<\/strong> Google Ireland Ltd. (Google Analytics).<\/li>\r\n      <\/ul>\r\n      <p class=\"sm-aszf-text\">Az adatokat harmadik orsz\u00e1gba (EU-n k\u00edv\u00fclre) csak megfelel\u0151 adatv\u00e9delmi garanci\u00e1k (pl. \u00c1ltal\u00e1nos Szerz\u0151d\u00e9si Felt\u00e9telek, Data Privacy Framework) megl\u00e9te eset\u00e9n tov\u00e1bb\u00edtjuk.<\/p>\r\n    <\/div>\r\n\r\n    <div class=\"sm-aszf-section\">\r\n      <h2 class=\"sm-aszf-h2\">5. Az \u00d6n Jogai (\u00c9rintetti Jogok)<\/h2>\r\n      <p class=\"sm-aszf-text\">Az adatkezel\u00e9ssel kapcsolatban \u00d6nt az al\u00e1bbi jogok illetik meg:<\/p>\r\n      <ul class=\"sm-aszf-list\">\r\n        <li><strong>T\u00e1j\u00e9koztat\u00e1shoz \u00e9s hozz\u00e1f\u00e9r\u00e9shez val\u00f3 jog:<\/strong> K\u00e9rheti, hogy t\u00e1j\u00e9koztassuk, milyen szem\u00e9lyes adatait, milyen c\u00e9lb\u00f3l kezelj\u00fck, \u00e9s arr\u00f3l m\u00e1solatot kaphat.<\/li>\r\n        <li><strong>Helyesb\u00edt\u00e9shez val\u00f3 jog:<\/strong> K\u00e9rheti a pontatlan vagy hi\u00e1nyos adatok m\u00f3dos\u00edt\u00e1s\u00e1t.<\/li>\r\n        <li><strong>T\u00f6rl\u00e9shez val\u00f3 jog (\"elfeledtet\u00e9shez val\u00f3 jog\"):<\/strong> K\u00e9rheti adatainak t\u00f6rl\u00e9s\u00e9t, ha az adatkezel\u00e9s c\u00e9lja megsz\u0171nt, vagy visszavonja hozz\u00e1j\u00e1rul\u00e1s\u00e1t (kiv\u00e9ve, ha az adatkezel\u00e9st jogszab\u00e1ly teszi k\u00f6telez\u0151v\u00e9, pl. sz\u00e1ml\u00e1k eset\u00e9n).<\/li>\r\n        <li><strong>Adatkezel\u00e9s korl\u00e1toz\u00e1s\u00e1hoz val\u00f3 jog:<\/strong> K\u00e9rheti, hogy adatait csak t\u00e1roljuk, de m\u00e1s m\u0171veletet ne v\u00e9gezz\u00fcnk vel\u00fck (pl. jogvita eset\u00e9n).<\/li>\r\n        <li><strong>Adathordozhat\u00f3s\u00e1ghoz val\u00f3 jog:<\/strong> K\u00e9rheti, hogy a rendelkez\u00e9s\u00fcnkre bocs\u00e1tott adatait tagolt, g\u00e9ppel olvashat\u00f3 form\u00e1tumban adjuk \u00e1t \u00d6nnek vagy egy m\u00e1sik adatkezel\u0151nek.<\/li>\r\n        <li><strong>Tiltakoz\u00e1shoz val\u00f3 jog:<\/strong> Tiltakozhat szem\u00e9lyes adatainak jogos \u00e9rdeken alapul\u00f3 vagy k\u00f6zvetlen \u00fczletszerz\u00e9si c\u00e9l\u00fa kezel\u00e9se ellen.<\/li>\r\n      <\/ul>\r\n      <p class=\"sm-aszf-text\">Joggyakorl\u00e1si k\u00e9relmeit az <strong>info@sitementor.hu<\/strong> e-mail c\u00edmre k\u00fcldheti. K\u00e9relm\u00e9t legfeljebb 30 napon bel\u00fcl indokolatlan k\u00e9sedelem n\u00e9lk\u00fcl teljes\u00edtj\u00fck, \u00e9s t\u00e1j\u00e9koztatjuk a megtett int\u00e9zked\u00e9sekr\u0151l.<\/p>\r\n    <\/div>\r\n\r\n    <div class=\"sm-aszf-section\">\r\n      <h2 class=\"sm-aszf-h2\">6. Jogorvoslati Lehet\u0151s\u00e9gek<\/h2>\r\n      <p class=\"sm-aszf-text\">Amennyiben \u00fagy \u00edt\u00e9li meg, hogy a szem\u00e9lyes adatainak kezel\u00e9se sor\u00e1n megs\u00e9rtett\u00fck a hat\u00e1lyos adatv\u00e9delmi jogszab\u00e1lyokat, panasszal \u00e9lhet az illet\u00e9kes fel\u00fcgyeleti hat\u00f3s\u00e1gn\u00e1l:<\/p>\r\n      <div class=\"sm-aszf-provider-box\">\r\n        <p><strong>Nemzeti Adatv\u00e9delmi \u00e9s Inform\u00e1ci\u00f3szabads\u00e1g Hat\u00f3s\u00e1g (NAIH)<\/strong><\/p>\r\n        <p>Sz\u00e9khely: 1055 Budapest, Falk Miksa utca 9-11.<\/p>\r\n        <p>Levelez\u00e9si c\u00edm: 1363 Budapest, Pf. 9.<\/p>\r\n        <p>E-mail: ugyfelszolgalat@naih.hu<\/p>\r\n        <p>Web: www.naih.hu<\/p>\r\n      <\/div>\r\n      <p class=\"sm-aszf-text\">Tov\u00e1bb\u00e1 jog\u00e1ban \u00e1ll b\u00edr\u00f3s\u00e1ghoz fordulni adatainak jogellenes kezel\u00e9se eset\u00e9n. A per az \u00d6n lak\u00f3helye vagy tart\u00f3zkod\u00e1si helye szerinti t\u00f6rv\u00e9nysz\u00e9k el\u0151tt is megind\u00edthat\u00f3.<\/p>\r\n    <\/div>\r\n\r\n    <div class=\"sm-aszf-footer\">\r\n      <p>Az Adatkezel\u0151 fenntartja a jogot a jelen Adatkezel\u00e9si T\u00e1j\u00e9koztat\u00f3 m\u00f3dos\u00edt\u00e1s\u00e1ra. Az esetleges v\u00e1ltoz\u00e1sokr\u00f3l a Weboldalon t\u00f6rt\u00e9n\u0151 k\u00f6zz\u00e9t\u00e9tellel t\u00e1j\u00e9koztatja az \u00c9rintetteket.<\/p>\r\n      <p><strong>&copy; 2026 SiteMentor. Minden jog fenntartva.<\/strong><\/p>\r\n    <\/div>\r\n\r\n  <\/div>\r\n<\/div>\t\t\t\t<\/div>\n\t\t\t\t<\/div>\n\t\t\t\t\t<\/div>\n\t\t\t\t<\/div>\n\t\t\t\t<\/div>\n\t\t","protected":false},"excerpt":{"rendered":"<p>Adatkezel\u00e9si T\u00e1j\u00e9koztat\u00f3 (Privacy Policy) Adatkezel\u00e9si T\u00e1j\u00e9koztat\u00f3 Hat\u00e1lyos: 2026. janu\u00e1r 1-t\u0151l visszavon\u00e1sig A jelen adatkezel\u00e9si t\u00e1j\u00e9koztat\u00f3 c\u00e9lja, hogy a sitementor.hu weboldal (a tov\u00e1bbiakban: Weboldal) l\u00e1togat\u00f3i, \u00e9rdekl\u0151d\u0151i \u00e9s \u00fcgyfelei \u00e1tl\u00e1that\u00f3 t\u00e1j\u00e9koztat\u00e1st kapjanak a szem\u00e9lyes adataik kezel\u00e9s\u00e9r\u0151l, a GDPR (\u00c1ltal\u00e1nos Adatv\u00e9delmi Rendelet) \u00e9s az inform\u00e1ci\u00f3s \u00f6nrendelkez\u00e9si jogr\u00f3l \u00e9s az inform\u00e1ci\u00f3szabads\u00e1gr\u00f3l sz\u00f3l\u00f3 2011. \u00e9vi CXII. t\u00f6rv\u00e9ny el\u0151\u00edr\u00e1sainak megfelel\u0151en. 1. &#8230; <a title=\"Data processing information\" class=\"read-more\" href=\"https:\/\/sitementor.hu\/en\/adatkezelesi-tajekoztato\/\" aria-label=\"Read more about Adatkezel\u00e9si t\u00e1j\u00e9koztat\u00f3\">Read more<\/a><\/p>","protected":false},"author":1,"featured_media":0,"parent":0,"menu_order":0,"comment_status":"closed","ping_status":"closed","template":"","meta":{"_acf_changed":false,"footnotes":""},"class_list":["post-119","page","type-page","status-publish"],"acf":[],"yoast_head":"<!-- This site is optimized with the Yoast SEO Premium plugin v27.4 (Yoast SEO v27.4) - https:\/\/yoast.com\/product\/yoast-seo-premium-wordpress\/ -->\n<title>Adatkezel\u00e9si t\u00e1j\u00e9koztat\u00f3 - SITEMENTOR<\/title>\n<meta name=\"description\" content=\"A SiteMentor.hu Adatkezel\u00e9si T\u00e1j\u00e9koztat\u00f3ja bemutatja, hogyan kezelj\u00fck az \u00d6n szem\u00e9lyes adatait, \u00e9s t\u00e1j\u00e9koztatja jogair\u00f3l a GDPR \u00e9s az Infotv. alapj\u00e1n.\" \/>\n<meta name=\"robots\" content=\"index, follow, max-snippet:-1, max-image-preview:large, max-video-preview:-1\" \/>\n<link rel=\"canonical\" href=\"https:\/\/sitementor.hu\/en\/data-management-information\/\" \/>\n<meta property=\"og:locale\" content=\"en_GB\" \/>\n<meta property=\"og:type\" content=\"article\" \/>\n<meta property=\"og:title\" content=\"Adatkezel\u00e9si t\u00e1j\u00e9koztat\u00f3\" \/>\n<meta property=\"og:description\" content=\"A SiteMentor.hu Adatkezel\u00e9si T\u00e1j\u00e9koztat\u00f3ja bemutatja, hogyan kezelj\u00fck az \u00d6n szem\u00e9lyes adatait, \u00e9s t\u00e1j\u00e9koztatja jogair\u00f3l a GDPR \u00e9s az Infotv. alapj\u00e1n.\" \/>\n<meta property=\"og:url\" content=\"https:\/\/sitementor.hu\/en\/data-management-information\/\" \/>\n<meta property=\"og:site_name\" content=\"SITEMENTOR\" \/>\n<meta property=\"article:modified_time\" content=\"2026-02-25T16:07:33+00:00\" \/>\n<meta name=\"twitter:card\" content=\"summary_large_image\" \/>\n<meta name=\"twitter:label1\" content=\"Estimated reading time\" \/>\n\t<meta name=\"twitter:data1\" content=\"5 minutes\" \/>\n<script type=\"application\/ld+json\" class=\"yoast-schema-graph\">{\"@context\":\"https:\\\/\\\/schema.org\",\"@graph\":[{\"@type\":\"WebPage\",\"@id\":\"https:\\\/\\\/sitementor.hu\\\/adatkezelesi-tajekoztato\\\/\",\"url\":\"https:\\\/\\\/sitementor.hu\\\/adatkezelesi-tajekoztato\\\/\",\"name\":\"Adatkezel\u00e9si t\u00e1j\u00e9koztat\u00f3 - SITEMENTOR\",\"isPartOf\":{\"@id\":\"https:\\\/\\\/sitementor.hu\\\/#website\"},\"datePublished\":\"2025-06-16T18:49:04+00:00\",\"dateModified\":\"2026-02-25T16:07:33+00:00\",\"description\":\"A SiteMentor.hu Adatkezel\u00e9si T\u00e1j\u00e9koztat\u00f3ja bemutatja, hogyan kezelj\u00fck az \u00d6n szem\u00e9lyes adatait, \u00e9s t\u00e1j\u00e9koztatja jogair\u00f3l a GDPR \u00e9s az Infotv. alapj\u00e1n.\",\"breadcrumb\":{\"@id\":\"https:\\\/\\\/sitementor.hu\\\/adatkezelesi-tajekoztato\\\/#breadcrumb\"},\"inLanguage\":\"en-GB\",\"potentialAction\":[{\"@type\":\"ReadAction\",\"target\":[\"https:\\\/\\\/sitementor.hu\\\/adatkezelesi-tajekoztato\\\/\"]}]},{\"@type\":\"BreadcrumbList\",\"@id\":\"https:\\\/\\\/sitementor.hu\\\/adatkezelesi-tajekoztato\\\/#breadcrumb\",\"itemListElement\":[{\"@type\":\"ListItem\",\"position\":1,\"name\":\"Kezd\u0151lap\",\"item\":\"https:\\\/\\\/sitementor.hu\\\/\"},{\"@type\":\"ListItem\",\"position\":2,\"name\":\"Adatkezel\u00e9si t\u00e1j\u00e9koztat\u00f3\"}]},{\"@type\":\"WebSite\",\"@id\":\"https:\\\/\\\/sitementor.hu\\\/#website\",\"url\":\"https:\\\/\\\/sitementor.hu\\\/\",\"name\":\"SITEMENTOR\",\"description\":\"SIteMentor\",\"publisher\":{\"@id\":\"https:\\\/\\\/sitementor.hu\\\/#organization\"},\"potentialAction\":[{\"@type\":\"SearchAction\",\"target\":{\"@type\":\"EntryPoint\",\"urlTemplate\":\"https:\\\/\\\/sitementor.hu\\\/?s={search_term_string}\"},\"query-input\":{\"@type\":\"PropertyValueSpecification\",\"valueRequired\":true,\"valueName\":\"search_term_string\"}}],\"inLanguage\":\"en-GB\"},{\"@type\":\"Organization\",\"@id\":\"https:\\\/\\\/sitementor.hu\\\/#organization\",\"name\":\"SITEMENTOR\",\"url\":\"https:\\\/\\\/sitementor.hu\\\/\",\"logo\":{\"@type\":\"ImageObject\",\"inLanguage\":\"en-GB\",\"@id\":\"https:\\\/\\\/sitementor.hu\\\/#\\\/schema\\\/logo\\\/image\\\/\",\"url\":\"https:\\\/\\\/sitementor.hu\\\/wp-content\\\/uploads\\\/2025\\\/06\\\/sitementorlogo-scaled-e1750068409935.webp\",\"contentUrl\":\"https:\\\/\\\/sitementor.hu\\\/wp-content\\\/uploads\\\/2025\\\/06\\\/sitementorlogo-scaled-e1750068409935.webp\",\"width\":1152,\"height\":1020,\"caption\":\"SITEMENTOR\"},\"image\":{\"@id\":\"https:\\\/\\\/sitementor.hu\\\/#\\\/schema\\\/logo\\\/image\\\/\"}}]}<\/script>\n<!-- \/ Yoast SEO Premium plugin. -->","yoast_head_json":{"title":"Privacy Policy - SITEMENTOR","description":"SiteMentor.hu's Privacy Policy explains how we process your personal data and informs you of your rights under the GDPR and the GDPR.","robots":{"index":"index","follow":"follow","max-snippet":"max-snippet:-1","max-image-preview":"max-image-preview:large","max-video-preview":"max-video-preview:-1"},"canonical":"https:\/\/sitementor.hu\/en\/data-management-information\/","og_locale":"en_GB","og_type":"article","og_title":"Adatkezel\u00e9si t\u00e1j\u00e9koztat\u00f3","og_description":"A SiteMentor.hu Adatkezel\u00e9si T\u00e1j\u00e9koztat\u00f3ja bemutatja, hogyan kezelj\u00fck az \u00d6n szem\u00e9lyes adatait, \u00e9s t\u00e1j\u00e9koztatja jogair\u00f3l a GDPR \u00e9s az Infotv. alapj\u00e1n.","og_url":"https:\/\/sitementor.hu\/en\/data-management-information\/","og_site_name":"SITEMENTOR","article_modified_time":"2026-02-25T16:07:33+00:00","twitter_card":"summary_large_image","twitter_misc":{"Estimated reading time":"5 minutes"},"schema":{"@context":"https:\/\/schema.org","@graph":[{"@type":"WebPage","@id":"https:\/\/sitementor.hu\/adatkezelesi-tajekoztato\/","url":"https:\/\/sitementor.hu\/adatkezelesi-tajekoztato\/","name":"Privacy Policy - SITEMENTOR","isPartOf":{"@id":"https:\/\/sitementor.hu\/#website"},"datePublished":"2025-06-16T18:49:04+00:00","dateModified":"2026-02-25T16:07:33+00:00","description":"SiteMentor.hu's Privacy Policy explains how we process your personal data and informs you of your rights under the GDPR and the GDPR.","breadcrumb":{"@id":"https:\/\/sitementor.hu\/adatkezelesi-tajekoztato\/#breadcrumb"},"inLanguage":"en-GB","potentialAction":[{"@type":"ReadAction","target":["https:\/\/sitementor.hu\/adatkezelesi-tajekoztato\/"]}]},{"@type":"BreadcrumbList","@id":"https:\/\/sitementor.hu\/adatkezelesi-tajekoztato\/#breadcrumb","itemListElement":[{"@type":"ListItem","position":1,"name":"Kezd\u0151lap","item":"https:\/\/sitementor.hu\/"},{"@type":"ListItem","position":2,"name":"Adatkezel\u00e9si t\u00e1j\u00e9koztat\u00f3"}]},{"@type":"WebSite","@id":"https:\/\/sitementor.hu\/#website","url":"https:\/\/sitementor.hu\/","name":"SITEMENTOR","description":"SIteMentor","publisher":{"@id":"https:\/\/sitementor.hu\/#organization"},"potentialAction":[{"@type":"SearchAction","target":{"@type":"EntryPoint","urlTemplate":"https:\/\/sitementor.hu\/?s={search_term_string}"},"query-input":{"@type":"PropertyValueSpecification","valueRequired":true,"valueName":"search_term_string"}}],"inLanguage":"en-GB"},{"@type":"Organization","@id":"https:\/\/sitementor.hu\/#organization","name":"SITEMENTOR","url":"https:\/\/sitementor.hu\/","logo":{"@type":"ImageObject","inLanguage":"en-GB","@id":"https:\/\/sitementor.hu\/#\/schema\/logo\/image\/","url":"https:\/\/sitementor.hu\/wp-content\/uploads\/2025\/06\/sitementorlogo-scaled-e1750068409935.webp","contentUrl":"https:\/\/sitementor.hu\/wp-content\/uploads\/2025\/06\/sitementorlogo-scaled-e1750068409935.webp","width":1152,"height":1020,"caption":"SITEMENTOR"},"image":{"@id":"https:\/\/sitementor.hu\/#\/schema\/logo\/image\/"}}]}},"_links":{"self":[{"href":"https:\/\/sitementor.hu\/en\/wp-json\/wp\/v2\/pages\/119","targetHints":{"allow":["GET"]}}],"collection":[{"href":"https:\/\/sitementor.hu\/en\/wp-json\/wp\/v2\/pages"}],"about":[{"href":"https:\/\/sitementor.hu\/en\/wp-json\/wp\/v2\/types\/page"}],"author":[{"embeddable":true,"href":"https:\/\/sitementor.hu\/en\/wp-json\/wp\/v2\/users\/1"}],"replies":[{"embeddable":true,"href":"https:\/\/sitementor.hu\/en\/wp-json\/wp\/v2\/comments?post=119"}],"version-history":[{"count":13,"href":"https:\/\/sitementor.hu\/en\/wp-json\/wp\/v2\/pages\/119\/revisions"}],"predecessor-version":[{"id":3092,"href":"https:\/\/sitementor.hu\/en\/wp-json\/wp\/v2\/pages\/119\/revisions\/3092"}],"wp:attachment":[{"href":"https:\/\/sitementor.hu\/en\/wp-json\/wp\/v2\/media?parent=119"}],"curies":[{"name":"wp","href":"https:\/\/api.w.org\/{rel}","templated":true}]}}