{"id":117,"date":"2025-06-16T18:48:23","date_gmt":"2025-06-16T18:48:23","guid":{"rendered":"https:\/\/sitementor.hu\/?page_id=117"},"modified":"2026-02-18T17:01:23","modified_gmt":"2026-02-18T17:01:23","slug":"contact","status":"publish","type":"page","link":"https:\/\/sitementor.hu\/en\/kapcsolat\/","title":{"rendered":"Contact"},"content":{"rendered":"\t\t<div data-elementor-type=\"wp-page\" data-elementor-id=\"117\" class=\"elementor elementor-117\" data-elementor-post-type=\"page\">\n\t\t\t\t<div class=\"elementor-element elementor-element-4bc251c e-flex e-con-boxed e-con e-parent\" data-id=\"4bc251c\" data-element_type=\"container\" data-e-type=\"container\">\n\t\t\t\t\t<div class=\"e-con-inner\">\n\t\t\t\t<div class=\"elementor-element elementor-element-f76f0c8 elementor-widget elementor-widget-menu-anchor\" data-id=\"f76f0c8\" data-element_type=\"widget\" data-e-type=\"widget\" data-widget_type=\"menu-anchor.default\">\n\t\t\t\t<div class=\"elementor-widget-container\">\n\t\t\t\t\t\t\t<div class=\"elementor-menu-anchor\" id=\"kapcsolat\"><\/div>\n\t\t\t\t\t\t<\/div>\n\t\t\t\t<\/div>\n\t\t\t\t\t<\/div>\n\t\t\t\t<\/div>\n\t\t<div class=\"elementor-element elementor-element-d3102d1 e-flex e-con-boxed e-con e-parent\" data-id=\"d3102d1\" data-element_type=\"container\" data-e-type=\"container\">\n\t\t\t\t\t<div class=\"e-con-inner\">\n\t\t\t\t<div class=\"elementor-element elementor-element-71b6baa elementor-widget elementor-widget-text-editor\" data-id=\"71b6baa\" data-element_type=\"widget\" data-e-type=\"widget\" data-widget_type=\"text-editor.default\">\n\t\t\t\t<div class=\"elementor-widget-container\">\n\t\t\t\t\t\t\t\t\t<h1 style=\"text-align: center;\"><span class=\"selected\">K\u00e9szen \u00e1llsz a k\u00f6vetkez\u0151 l\u00e9p\u00e9sre? L\u00e9pj\u00fcnk kapcsolatba!<\/span><\/h1><p><span class=\"selected\">Nagyszer\u0171, hogy id\u00e1ig eljutott\u00e1l! Ez az els\u0151 l\u00e9p\u00e9s afel\u00e9, hogy a v\u00e1llalkoz\u00e1sod egy olyan online jelenl\u00e9ttel gazdagodjon, amire igaz\u00e1n b\u00fcszke lehetsz. Ak\u00e1r egy konkr\u00e9t \u00f6tleted van, ak\u00e1r csak egy hom\u00e1lyos elk\u00e9pzel\u00e9s, mi itt vagyunk, hogy seg\u00edts\u00fcnk tiszt\u00e1zni a k\u00e9pet \u00e9s megmutassuk a lehet\u0151s\u00e9geket.<\/span><\/p>\t\t\t\t\t\t\t\t<\/div>\n\t\t\t\t<\/div>\n\t\t\t\t\t<\/div>\n\t\t\t\t<\/div>\n\t\t<div class=\"elementor-element elementor-element-3add459 e-flex e-con-boxed e-con e-parent\" data-id=\"3add459\" data-element_type=\"container\" data-e-type=\"container\">\n\t\t\t\t\t<div class=\"e-con-inner\">\n\t\t<div class=\"elementor-element elementor-element-d28af06 e-con-full e-flex e-con e-child\" data-id=\"d28af06\" data-element_type=\"container\" data-e-type=\"container\">\n\t\t\t\t<div class=\"elementor-element elementor-element-df8f80c elementor-widget elementor-widget-html\" data-id=\"df8f80c\" data-element_type=\"widget\" data-e-type=\"widget\" data-widget_type=\"html.default\">\n\t\t\t\t<div class=\"elementor-widget-container\">\n\t\t\t\t\t<div class=\"sitementor-contact-wrapper\" style=\"font-family: 'Helvetica Neue', Arial, sans-serif; line-height: 1.6; color: #333; max-width: 800px;\">\r\n    \r\n    \r\n\r\n    \r\n    <div class=\"contact-section-en\">\r\n        <p style=\"margin-bottom: 25px;\">Fill out the form below and let us know what you're thinking! The more details you share with us, the better prepared we can be for our free, no-obligation consultation.<\/p>\r\n        \r\n        <h3 style=\"color: #000; margin-top: 30px; border-bottom: 2px solid #eee; padding-bottom: 10px;\">Looking for another way?<\/h3>\r\n        <p>If you don't like forms or simply prefer a more direct way to get in touch, you can also reach us at the following contact details:<\/p>\r\n        \r\n        <ul style=\"list-style: none; padding: 0;\">\r\n            <li style=\"margin-bottom: 15px;\">\r\n                <strong>By Email:<\/strong> If you'd rather express your thoughts in writing, send us an email at <a href=\"mailto:info@sitementor.hu\" style=\"color: #222; font-weight: bold; text-decoration: underline;\">info@sitementor.hu<\/a>.\r\n            <\/li>\r\n            <li style=\"margin-bottom: 15px;\">\r\n                <strong>By Phone:<\/strong> For a quick, personal conversation, call us at <a href=\"tel:+36705582874\" style=\"color: #222; font-weight: bold; text-decoration: underline;\">+36 70 558-2874<\/a> (English speaking line), Monday to Friday between 9:00 AM and 5:00 PM.\r\n            <\/li>\r\n        <\/ul>\r\n\r\n        <h3 style=\"color: #000; margin-top: 40px; border-bottom: 2px solid #eee; padding-bottom: 10px;\">What can you expect after contacting us?<\/h3>\r\n        <p>After you send your message, we will try to contact you <strong>within 24 hours (on business days)<\/strong> to schedule a <strong>30-minute, free online consultation<\/strong>.<\/p>\r\n        \r\n        <p style=\"font-style: italic; margin-top: 20px;\">In this conversation, without any obligation:<\/p>\r\n        <ul style=\"padding-left: 20px;\">\r\n            <li>We listen to your ideas and goals.<\/li>\r\n            <li>We answer your questions.<\/li>\r\n            <li>We outline how SiteMentor can most effectively help your business.<\/li>\r\n        <\/ul>\r\n        <p style=\"font-weight: bold; margin-top: 25px; color: #000;\">We look forward to hearing from you!<\/p>\r\n    <\/div>\r\n    \r\n\r\n<\/div>\t\t\t\t<\/div>\n\t\t\t\t<\/div>\n\t\t\t\t<\/div>\n\t\t<div class=\"elementor-element elementor-element-f056303 e-con-full e-flex e-con e-child\" data-id=\"f056303\" data-element_type=\"container\" data-e-type=\"container\">\n\t\t\t\t<div class=\"elementor-element elementor-element-948e35d elementor-widget elementor-widget-shortcode\" data-id=\"948e35d\" data-element_type=\"widget\" data-e-type=\"widget\" data-widget_type=\"shortcode.default\">\n\t\t\t\t<div class=\"elementor-widget-container\">\n\t\t\t\t\t\t\t<div class=\"elementor-shortcode\">\n\n\n    <div class='fluentform ff-default fluentform_wrapper_6 ffs_default_wrap'><form data-form_id=\"6\" id=\"fluentform_6\" class=\"frm-fluent-form fluent_form_6 ff-el-form-left ff_form_instance_6_1 ff-form-loading ffs_default\" data-form_instance=\"ff_form_instance_6_1\" method=\"POST\" ><fieldset  style=\"border: none!important;margin: 0!important;padding: 0!important;background-color: transparent!important;box-shadow: none!important;outline: none!important; min-inline-size: 100%;\">\n                    <legend class=\"ff_screen_reader_title\" style=\"display: block; margin: 0!important;padding: 0!important;height: 0!important;text-indent: -999999px;width: 0!important;overflow:hidden;\">Contact - EN<\/legend>        <div\n                style=\"display: none!important; position: absolute!important; transform: translateX(1000%)!important;\"\n                class=\"ff-el-group ff-hpsf-container\"\n        >\n            <div class=\"ff-el-input--label asterisk-right\">\n                <label for=\"ff_6_item_sf\" aria-label=\"Newsletter\">\n                    Newsletter                <\/label>\n            <\/div>\n            <div class=\"ff-el-input--content\">\n                <input type=\"text\"\n                       name=\"item_6__fluent_sf\"\n                       class=\"ff-el-form-control\"\n                       id=\"ff_6_item_sf\"\n                \/>\n            <\/div>\n        <\/div>\n                <input type=\"hidden\" id=\"__fluent_protection_token_6\" class=\"fluent-form-token-field\" name=\"__fluent_protection_token_6\">\n        <input type='hidden' name='__fluent_form_embded_post_id' value='117' \/><input type=\"hidden\" id=\"_fluentform_6_fluentformnonce\" name=\"_fluentform_6_fluentformnonce\" value=\"927ce49202\" \/><input type=\"hidden\" name=\"_wp_http_referer\" value=\"\/en\/wp-json\/wp\/v2\/pages\/117\" \/><div data-type=\"name-element\" data-name=\"names\" class=\" ff-field_container ff-name-field-wrapper\" ><div class='ff-t-container'><div class='ff-t-cell '><div class='ff-el-group  ff-el-form-top'><div class=\"ff-el-input--label ff-el-is-required asterisk-right\"><label for='ff_6_names_first_name_' id='label_ff_6_names_first_name_' >First Name<\/label><\/div><div class='ff-el-input--content'><input type=\"text\" name=\"names[first_name]\" id=\"ff_6_names_first_name_\" class=\"ff-el-form-control\" aria-invalid=\"false\" aria-required=true><\/div><\/div><\/div><div class='ff-t-cell '><div class='ff-el-group  ff-el-form-top'><div class=\"ff-el-input--label ff-el-is-required asterisk-right\"><label for='ff_6_names_last_name_' id='label_ff_6_names_last_name_' >Last Name<\/label><\/div><div class='ff-el-input--content'><input type=\"text\" name=\"names[last_name]\" id=\"ff_6_names_last_name_\" class=\"ff-el-form-control\" aria-invalid=\"false\" aria-required=true><\/div><\/div><\/div><\/div><\/div><div class='ff-el-group ff-el-form-top'><div class=\"ff-el-input--label ff-el-is-required asterisk-right\"><label for='ff_6_email' id='label_ff_6_email' aria-label=\"Email\">Email<\/label><\/div><div class='ff-el-input--content'><input type=\"email\" name=\"email\" id=\"ff_6_email\" class=\"ff-el-form-control\" data-name=\"email\"  aria-invalid=\"false\" aria-required=true><\/div><\/div><div class='ff-el-group ff-el-form-top'><div class=\"ff-el-input--label ff-el-is-required asterisk-right\"><label for='ff_6_phone' id='label_ff_6_phone' aria-label=\"Phone\">Phone<\/label><\/div><div class='ff-el-input--content'><input name=\"phone\" class=\"ff-el-form-control ff-el-phone\" type=\"tel\" data-name=\"phone\" id=\"ff_6_phone\" inputmode=\"tel\"  aria-invalid='false' aria-required=true><\/div><\/div><div class='ff-el-group ff-el-form-top'><div class=\"ff-el-input--label asterisk-right\"><label for='ff_6_input_text' id='label_ff_6_input_text' aria-label=\"website if available\">website if available<\/label><\/div><div class='ff-el-input--content'><input type=\"text\" name=\"input_text\" class=\"ff-el-form-control\" data-name=\"input_text\" id=\"ff_6_input_text\"  aria-invalid=\"false\" aria-required=false><\/div><\/div><div class='ff-el-group ff-el-form-top'><div class=\"ff-el-input--label asterisk-right\"><label   aria-label=\"HOW CAN WE HELP YOU?\">HOW CAN WE HELP YOU?<\/label><\/div><div class='ff-el-input--content'><div class='ff-el-form-check ff-el-form-check-'><label class='ff-el-form-check-label' for='input_radio_7dc7dfe1089218cefa7cc133f41bff15'><input  type=\"radio\" name=\"input_radio\" data-name=\"input_radio\" class=\"ff-el-form-check-input ff-el-form-check-radio\" value=\"website building\"  id='input_radio_7dc7dfe1089218cefa7cc133f41bff15' aria-label='website building' aria-invalid='false' aria-required=false> <span>website building<\/span><\/label><\/div><div class='ff-el-form-check ff-el-form-check-'><label class='ff-el-form-check-label' for='input_radio_8d9034d190f2e2e9e966cb30d238944f'><input  type=\"radio\" name=\"input_radio\" data-name=\"input_radio\" class=\"ff-el-form-check-input ff-el-form-check-radio\" value=\"webmaster service\"  id='input_radio_8d9034d190f2e2e9e966cb30d238944f' aria-label='webmaster service' aria-invalid='false' aria-required=false> <span>webmaster service<\/span><\/label><\/div><div class='ff-el-form-check ff-el-form-check-'><label class='ff-el-form-check-label' for='input_radio_0da3560359faf3fc39bda592d502730e'><input  type=\"radio\" name=\"input_radio\" data-name=\"input_radio\" class=\"ff-el-form-check-input ff-el-form-check-radio\" value=\"custom code development\"  id='input_radio_0da3560359faf3fc39bda592d502730e' aria-label='custom code development' aria-invalid='false' aria-required=false> <span>custom code development<\/span><\/label><\/div><div class='ff-el-form-check ff-el-form-check-'><label class='ff-el-form-check-label' for='input_radio_c2c6cdc1c1c01de83651e5087e09a683'><input  type=\"radio\" name=\"input_radio\" data-name=\"input_radio\" class=\"ff-el-form-check-input ff-el-form-check-radio\" value=\"Other\"  id='input_radio_c2c6cdc1c1c01de83651e5087e09a683' aria-label='Other' aria-invalid='false' aria-required=false> <span>Other<\/span><\/label><\/div><\/div><\/div><div class='ff-el-group ff-el-form-top has-conditions'><div class=\"ff-el-input--label asterisk-right\"><label for='ff_6_input_text_1' id='label_ff_6_input_text_1' aria-label=\"Other\">Other<\/label><\/div><div class='ff-el-input--content'><input type=\"text\" name=\"input_text_1\" class=\"ff-el-form-control\" data-name=\"input_text_1\" id=\"ff_6_input_text_1\"  aria-invalid=\"false\" aria-required=false><\/div><\/div><div class='ff-el-group ff-el-form-top'><div class=\"ff-el-input--label asterisk-right\"><label for='ff_6_description' id='label_ff_6_description' aria-label=\"Any details we should know about?\">Any details we should know about?<\/label><\/div><div class='ff-el-input--content'><textarea aria-required=\"false\" aria-labelledby=\"label_ff_6_description\" name=\"description\" id=\"ff_6_description\" class=\"ff-el-form-control\" rows=\"4\" cols=\"2\" data-name=\"description\" ><\/textarea><\/div><\/div><div class='ff-el-group ff-text-left ff_submit_btn_wrapper'><button type=\"submit\" class=\"ff-btn ff-btn-submit ff-btn-md ff_btn_style\"  aria-label=\"Submit Request\">Submit Request<\/button><\/div><\/fieldset><\/form><div id='fluentform_6_errors' class='ff-errors-in-stack ff_form_instance_6_1 ff-form-loading_errors ff_form_instance_6_1_errors'><\/div><\/div>            <script type=\"text\/javascript\">\n                window.fluent_form_ff_form_instance_6_1 = {\"id\":\"6\",\"settings\":{\"layout\":{\"labelPlacement\":\"left\",\"asteriskPlacement\":\"asterisk-right\",\"helpMessagePlacement\":\"with_label\",\"errorMessagePlacement\":\"inline\",\"cssClassName\":\"\"},\"restrictions\":{\"denyEmptySubmission\":{\"enabled\":false}}},\"form_instance\":\"ff_form_instance_6_1\",\"form_id_selector\":\"fluentform_6\",\"rules\":{\"names[first_name]\":{\"required\":{\"value\":true,\"message\":\"Ez egy k\\u00f6telez\\u0151 mez\\u0151\",\"global\":true,\"global_message\":\"Ez egy k\\u00f6telez\\u0151 mez\\u0151\"}},\"names[middle_name]\":{\"required\":{\"value\":false,\"message\":\"Ez egy k\\u00f6telez\\u0151 mez\\u0151\",\"global\":true,\"global_message\":\"Ez egy k\\u00f6telez\\u0151 mez\\u0151\"}},\"names[last_name]\":{\"required\":{\"value\":true,\"message\":\"Ez egy k\\u00f6telez\\u0151 mez\\u0151\",\"global\":true,\"global_message\":\"Ez egy k\\u00f6telez\\u0151 mez\\u0151\"}},\"email\":{\"required\":{\"value\":true,\"message\":\"Ez egy k\\u00f6telez\\u0151 mez\\u0151\",\"global\":true,\"global_message\":\"Ez egy k\\u00f6telez\\u0151 mez\\u0151\"},\"email\":{\"value\":true,\"message\":\"A mez\\u0151nek \\u00e9rv\\u00e9nyes emailc\\u00edmet kell tartalmaznia\",\"global\":true,\"global_message\":\"A mez\\u0151nek \\u00e9rv\\u00e9nyes emailc\\u00edmet kell tartalmaznia\"}},\"phone\":{\"required\":{\"value\":true,\"message\":\"Ez egy k\\u00f6telez\\u0151 mez\\u0151\",\"global\":true,\"global_message\":\"Ez egy k\\u00f6telez\\u0151 mez\\u0151\"},\"valid_phone_number\":{\"value\":false,\"message\":\"A telefonsz\\u00e1m nem \\u00e9rv\\u00e9nyes\",\"global\":true,\"global_message\":\"A telefonsz\\u00e1m nem \\u00e9rv\\u00e9nyes\"}},\"input_text\":{\"required\":{\"value\":false,\"message\":\"This field is required\",\"global\":false,\"global_message\":\"Ez egy k\\u00f6telez\\u0151 mez\\u0151\"}},\"input_radio\":{\"required\":{\"value\":false,\"message\":\"Ez egy k\\u00f6telez\\u0151 mez\\u0151\",\"global\":true,\"global_message\":\"Ez egy k\\u00f6telez\\u0151 mez\\u0151\"}},\"input_text_1\":{\"required\":{\"value\":false,\"message\":\"Ez egy k\\u00f6telez\\u0151 mez\\u0151\",\"global\":true,\"global_message\":\"Ez egy k\\u00f6telez\\u0151 mez\\u0151\"}},\"description\":{\"required\":{\"value\":false,\"message\":\"Ez egy k\\u00f6telez\\u0151 mez\\u0151\",\"global\":true,\"global_message\":\"Ez egy k\\u00f6telez\\u0151 mez\\u0151\"}}},\"debounce_time\":300,\"conditionals\":{\"input_text_1\":{\"type\":\"any\",\"status\":true,\"conditions\":[{\"field\":\"input_radio\",\"value\":\"Other\",\"operator\":\"=\"}]}}};\n                            <\/script>\n            \n<\/div>\n\t\t\t\t\t\t<\/div>\n\t\t\t\t<\/div>\n\t\t\t\t<\/div>\n\t\t\t\t\t<\/div>\n\t\t\t\t<\/div>\n\t\t\t\t<\/div>\n\t\t","protected":false},"excerpt":{"rendered":"<p>K\u00e9szen \u00e1llsz a k\u00f6vetkez\u0151 l\u00e9p\u00e9sre? L\u00e9pj\u00fcnk kapcsolatba! Nagyszer\u0171, hogy id\u00e1ig eljutott\u00e1l! Ez az els\u0151 l\u00e9p\u00e9s afel\u00e9, hogy a v\u00e1llalkoz\u00e1sod egy olyan online jelenl\u00e9ttel gazdagodjon, amire igaz\u00e1n b\u00fcszke lehetsz. Ak\u00e1r egy konkr\u00e9t \u00f6tleted van, ak\u00e1r csak egy hom\u00e1lyos elk\u00e9pzel\u00e9s, mi itt vagyunk, hogy seg\u00edts\u00fcnk tiszt\u00e1zni a k\u00e9pet \u00e9s megmutassuk a lehet\u0151s\u00e9geket.<\/p>","protected":false},"author":1,"featured_media":0,"parent":0,"menu_order":0,"comment_status":"closed","ping_status":"closed","template":"","meta":{"_acf_changed":false,"footnotes":""},"class_list":["post-117","page","type-page","status-publish"],"acf":[],"yoast_head":"<!-- This site is optimized with the Yoast SEO Premium plugin v27.4 (Yoast SEO v27.4) - https:\/\/yoast.com\/product\/yoast-seo-premium-wordpress\/ -->\n<title>Kapcsolat - SITEMENTOR<\/title>\n<meta name=\"description\" content=\"K\u00e9rje d\u00edjmentes konzult\u00e1ci\u00f3nkat! Vegye fel vel\u00fcnk a kapcsolatot telefonon, e-mailen vagy a weboldalon tal\u00e1lhat\u00f3 \u0171rlapon kereszt\u00fcl. V\u00e1rjuk megkeres\u00e9s\u00e9t!\" \/>\n<meta name=\"robots\" content=\"index, follow, max-snippet:-1, max-image-preview:large, max-video-preview:-1\" \/>\n<link rel=\"canonical\" href=\"https:\/\/sitementor.hu\/en\/contact\/\" \/>\n<meta property=\"og:locale\" content=\"en_GB\" \/>\n<meta property=\"og:type\" content=\"article\" \/>\n<meta property=\"og:title\" content=\"Kapcsolat\" \/>\n<meta property=\"og:description\" content=\"K\u00e9rje d\u00edjmentes konzult\u00e1ci\u00f3nkat! Vegye fel vel\u00fcnk a kapcsolatot telefonon, e-mailen vagy a weboldalon tal\u00e1lhat\u00f3 \u0171rlapon kereszt\u00fcl. V\u00e1rjuk megkeres\u00e9s\u00e9t!\" \/>\n<meta property=\"og:url\" content=\"https:\/\/sitementor.hu\/en\/contact\/\" \/>\n<meta property=\"og:site_name\" content=\"SITEMENTOR\" \/>\n<meta property=\"article:modified_time\" content=\"2026-02-18T17:01:23+00:00\" \/>\n<meta name=\"twitter:card\" content=\"summary_large_image\" \/>\n<meta name=\"twitter:label1\" content=\"Estimated reading time\" \/>\n\t<meta name=\"twitter:data1\" content=\"2 minutes\" \/>\n<script type=\"application\/ld+json\" class=\"yoast-schema-graph\">{\"@context\":\"https:\\\/\\\/schema.org\",\"@graph\":[{\"@type\":\"WebPage\",\"@id\":\"https:\\\/\\\/sitementor.hu\\\/kapcsolat\\\/\",\"url\":\"https:\\\/\\\/sitementor.hu\\\/kapcsolat\\\/\",\"name\":\"Kapcsolat - SITEMENTOR\",\"isPartOf\":{\"@id\":\"https:\\\/\\\/sitementor.hu\\\/#website\"},\"datePublished\":\"2025-06-16T18:48:23+00:00\",\"dateModified\":\"2026-02-18T17:01:23+00:00\",\"description\":\"K\u00e9rje d\u00edjmentes konzult\u00e1ci\u00f3nkat! Vegye fel vel\u00fcnk a kapcsolatot telefonon, e-mailen vagy a weboldalon tal\u00e1lhat\u00f3 \u0171rlapon kereszt\u00fcl. V\u00e1rjuk megkeres\u00e9s\u00e9t!\",\"breadcrumb\":{\"@id\":\"https:\\\/\\\/sitementor.hu\\\/kapcsolat\\\/#breadcrumb\"},\"inLanguage\":\"en-GB\",\"potentialAction\":[{\"@type\":\"ReadAction\",\"target\":[\"https:\\\/\\\/sitementor.hu\\\/kapcsolat\\\/\"]}]},{\"@type\":\"BreadcrumbList\",\"@id\":\"https:\\\/\\\/sitementor.hu\\\/kapcsolat\\\/#breadcrumb\",\"itemListElement\":[{\"@type\":\"ListItem\",\"position\":1,\"name\":\"Kezd\u0151lap\",\"item\":\"https:\\\/\\\/sitementor.hu\\\/\"},{\"@type\":\"ListItem\",\"position\":2,\"name\":\"Kapcsolat\"}]},{\"@type\":\"WebSite\",\"@id\":\"https:\\\/\\\/sitementor.hu\\\/#website\",\"url\":\"https:\\\/\\\/sitementor.hu\\\/\",\"name\":\"SITEMENTOR\",\"description\":\"SIteMentor\",\"publisher\":{\"@id\":\"https:\\\/\\\/sitementor.hu\\\/#organization\"},\"potentialAction\":[{\"@type\":\"SearchAction\",\"target\":{\"@type\":\"EntryPoint\",\"urlTemplate\":\"https:\\\/\\\/sitementor.hu\\\/?s={search_term_string}\"},\"query-input\":{\"@type\":\"PropertyValueSpecification\",\"valueRequired\":true,\"valueName\":\"search_term_string\"}}],\"inLanguage\":\"en-GB\"},{\"@type\":\"Organization\",\"@id\":\"https:\\\/\\\/sitementor.hu\\\/#organization\",\"name\":\"SITEMENTOR\",\"url\":\"https:\\\/\\\/sitementor.hu\\\/\",\"logo\":{\"@type\":\"ImageObject\",\"inLanguage\":\"en-GB\",\"@id\":\"https:\\\/\\\/sitementor.hu\\\/#\\\/schema\\\/logo\\\/image\\\/\",\"url\":\"https:\\\/\\\/sitementor.hu\\\/wp-content\\\/uploads\\\/2025\\\/06\\\/sitementorlogo-scaled-e1750068409935.webp\",\"contentUrl\":\"https:\\\/\\\/sitementor.hu\\\/wp-content\\\/uploads\\\/2025\\\/06\\\/sitementorlogo-scaled-e1750068409935.webp\",\"width\":1152,\"height\":1020,\"caption\":\"SITEMENTOR\"},\"image\":{\"@id\":\"https:\\\/\\\/sitementor.hu\\\/#\\\/schema\\\/logo\\\/image\\\/\"}}]}<\/script>\n<!-- \/ Yoast SEO Premium plugin. -->","yoast_head_json":{"title":"Contact - SITEMENTOR","description":"Ask for a free consultation! Contact us by phone, e-mail or via the form on the website. We look forward to hearing from you!","robots":{"index":"index","follow":"follow","max-snippet":"max-snippet:-1","max-image-preview":"max-image-preview:large","max-video-preview":"max-video-preview:-1"},"canonical":"https:\/\/sitementor.hu\/en\/contact\/","og_locale":"en_GB","og_type":"article","og_title":"Kapcsolat","og_description":"K\u00e9rje d\u00edjmentes konzult\u00e1ci\u00f3nkat! Vegye fel vel\u00fcnk a kapcsolatot telefonon, e-mailen vagy a weboldalon tal\u00e1lhat\u00f3 \u0171rlapon kereszt\u00fcl. V\u00e1rjuk megkeres\u00e9s\u00e9t!","og_url":"https:\/\/sitementor.hu\/en\/contact\/","og_site_name":"SITEMENTOR","article_modified_time":"2026-02-18T17:01:23+00:00","twitter_card":"summary_large_image","twitter_misc":{"Estimated reading time":"2 minutes"},"schema":{"@context":"https:\/\/schema.org","@graph":[{"@type":"WebPage","@id":"https:\/\/sitementor.hu\/kapcsolat\/","url":"https:\/\/sitementor.hu\/kapcsolat\/","name":"Contact - SITEMENTOR","isPartOf":{"@id":"https:\/\/sitementor.hu\/#website"},"datePublished":"2025-06-16T18:48:23+00:00","dateModified":"2026-02-18T17:01:23+00:00","description":"Ask for a free consultation! Contact us by phone, e-mail or via the form on the website. We look forward to hearing from you!","breadcrumb":{"@id":"https:\/\/sitementor.hu\/kapcsolat\/#breadcrumb"},"inLanguage":"en-GB","potentialAction":[{"@type":"ReadAction","target":["https:\/\/sitementor.hu\/kapcsolat\/"]}]},{"@type":"BreadcrumbList","@id":"https:\/\/sitementor.hu\/kapcsolat\/#breadcrumb","itemListElement":[{"@type":"ListItem","position":1,"name":"Kezd\u0151lap","item":"https:\/\/sitementor.hu\/"},{"@type":"ListItem","position":2,"name":"Kapcsolat"}]},{"@type":"WebSite","@id":"https:\/\/sitementor.hu\/#website","url":"https:\/\/sitementor.hu\/","name":"SITEMENTOR","description":"SIteMentor","publisher":{"@id":"https:\/\/sitementor.hu\/#organization"},"potentialAction":[{"@type":"SearchAction","target":{"@type":"EntryPoint","urlTemplate":"https:\/\/sitementor.hu\/?s={search_term_string}"},"query-input":{"@type":"PropertyValueSpecification","valueRequired":true,"valueName":"search_term_string"}}],"inLanguage":"en-GB"},{"@type":"Organization","@id":"https:\/\/sitementor.hu\/#organization","name":"SITEMENTOR","url":"https:\/\/sitementor.hu\/","logo":{"@type":"ImageObject","inLanguage":"en-GB","@id":"https:\/\/sitementor.hu\/#\/schema\/logo\/image\/","url":"https:\/\/sitementor.hu\/wp-content\/uploads\/2025\/06\/sitementorlogo-scaled-e1750068409935.webp","contentUrl":"https:\/\/sitementor.hu\/wp-content\/uploads\/2025\/06\/sitementorlogo-scaled-e1750068409935.webp","width":1152,"height":1020,"caption":"SITEMENTOR"},"image":{"@id":"https:\/\/sitementor.hu\/#\/schema\/logo\/image\/"}}]}},"_links":{"self":[{"href":"https:\/\/sitementor.hu\/en\/wp-json\/wp\/v2\/pages\/117","targetHints":{"allow":["GET"]}}],"collection":[{"href":"https:\/\/sitementor.hu\/en\/wp-json\/wp\/v2\/pages"}],"about":[{"href":"https:\/\/sitementor.hu\/en\/wp-json\/wp\/v2\/types\/page"}],"author":[{"embeddable":true,"href":"https:\/\/sitementor.hu\/en\/wp-json\/wp\/v2\/users\/1"}],"replies":[{"embeddable":true,"href":"https:\/\/sitementor.hu\/en\/wp-json\/wp\/v2\/comments?post=117"}],"version-history":[{"count":118,"href":"https:\/\/sitementor.hu\/en\/wp-json\/wp\/v2\/pages\/117\/revisions"}],"predecessor-version":[{"id":2885,"href":"https:\/\/sitementor.hu\/en\/wp-json\/wp\/v2\/pages\/117\/revisions\/2885"}],"wp:attachment":[{"href":"https:\/\/sitementor.hu\/en\/wp-json\/wp\/v2\/media?parent=117"}],"curies":[{"name":"wp","href":"https:\/\/api.w.org\/{rel}","templated":true}]}}