{"id":112,"date":"2025-06-16T18:47:42","date_gmt":"2025-06-16T18:47:42","guid":{"rendered":"https:\/\/sitementor.hu\/?page_id=112"},"modified":"2026-02-25T15:31:05","modified_gmt":"2026-02-25T15:31:05","slug":"unspecified-contract-terms","status":"publish","type":"page","link":"https:\/\/sitementor.hu\/en\/altalanos-szerzodesi-feltetelek\/","title":{"rendered":"General terms and conditions"},"content":{"rendered":"\t\t<div data-elementor-type=\"wp-page\" data-elementor-id=\"112\" class=\"elementor elementor-112\" data-elementor-post-type=\"page\">\n\t\t\t\t<div class=\"elementor-element elementor-element-a52b8a1 e-flex e-con-boxed e-con e-parent\" data-id=\"a52b8a1\" data-element_type=\"container\" data-e-type=\"container\">\n\t\t\t\t\t<div class=\"e-con-inner\">\n\t\t\t\t<div class=\"elementor-element elementor-element-de62210 elementor-widget elementor-widget-heading\" data-id=\"de62210\" data-element_type=\"widget\" data-e-type=\"widget\" data-widget_type=\"heading.default\">\n\t\t\t\t<div class=\"elementor-widget-container\">\n\t\t\t\t\t<h2 class=\"elementor-heading-title elementor-size-default\">\u00c1ltal\u00e1nos Szerz\u0151d\u00e9si Felt\u00e9telek (\u00c1SZF)<\/h2>\t\t\t\t<\/div>\n\t\t\t\t<\/div>\n\t\t\t\t\t<\/div>\n\t\t\t\t<\/div>\n\t\t<div class=\"elementor-element elementor-element-a3f4030 e-flex e-con-boxed e-con e-parent\" data-id=\"a3f4030\" data-element_type=\"container\" data-e-type=\"container\">\n\t\t\t\t\t<div class=\"e-con-inner\">\n\t\t\t\t<div class=\"elementor-element elementor-element-6081e53 elementor-widget elementor-widget-html\" data-id=\"6081e53\" data-element_type=\"widget\" data-e-type=\"widget\" data-widget_type=\"html.default\">\n\t\t\t\t<div class=\"elementor-widget-container\">\n\t\t\t\t\t<div class=\"sm-aszf-wrapper\">\r\n  <style>\r\n    .sm-aszf-wrapper {\r\n      background-color: #111827;\r\n      color: #d1d5db;\r\n      font-family: 'Montserrat', 'Lato', sans-serif;\r\n      padding: 60px 20px;\r\n      line-height: 1.7;\r\n      box-sizing: border-box;\r\n    }\r\n    .sm-aszf-wrapper * { box-sizing: border-box; }\r\n    \r\n    .sm-aszf-container {\r\n      max-width: 900px;\r\n      margin: 0 auto;\r\n      background: #1F2937;\r\n      border: 1px solid #374151;\r\n      border-radius: 16px;\r\n      padding: 40px;\r\n      box-shadow: 0 20px 40px rgba(0,0,0,0.4);\r\n    }\r\n    \r\n    @media (min-width: 768px) {\r\n      .sm-aszf-container { padding: 60px; }\r\n    }\r\n\r\n    .sm-aszf-header {\r\n      text-align: center;\r\n      margin-bottom: 50px;\r\n      padding-bottom: 30px;\r\n      border-bottom: 2px solid #374151;\r\n    }\r\n\r\n    .sm-aszf-title {\r\n      font-size: 2.2rem;\r\n      font-weight: 800;\r\n      color: #ffffff;\r\n      margin-bottom: 10px;\r\n      line-height: 1.2;\r\n    }\r\n    \r\n    .sm-aszf-subtitle {\r\n      font-size: 1rem;\r\n      color: #9ca3af;\r\n    }\r\n\r\n    .sm-aszf-highlight { color: #FACC15; }\r\n\r\n    .sm-aszf-section { margin-bottom: 40px; }\r\n    \r\n    .sm-aszf-h2 {\r\n      font-size: 1.5rem;\r\n      font-weight: 700;\r\n      color: #FACC15;\r\n      margin-top: 0;\r\n      margin-bottom: 20px;\r\n      display: flex;\r\n      align-items: center;\r\n      gap: 10px;\r\n    }\r\n\r\n    .sm-aszf-h2::before {\r\n      content: '';\r\n      display: inline-block;\r\n      width: 8px;\r\n      height: 24px;\r\n      background-color: #FACC15;\r\n      border-radius: 4px;\r\n    }\r\n\r\n    .sm-aszf-h3 {\r\n      font-size: 1.2rem;\r\n      font-weight: 600;\r\n      color: #ffffff;\r\n      margin-top: 30px;\r\n      margin-bottom: 15px;\r\n    }\r\n\r\n    .sm-aszf-text {\r\n      font-size: 1rem;\r\n      margin-bottom: 15px;\r\n    }\r\n\r\n    .sm-aszf-list {\r\n      list-style-type: none;\r\n      padding: 0;\r\n      margin: 0 0 20px 0;\r\n    }\r\n\r\n    .sm-aszf-list li {\r\n      position: relative;\r\n      padding-left: 25px;\r\n      margin-bottom: 10px;\r\n    }\r\n\r\n    .sm-aszf-list li::before {\r\n      content: '\u25a0';\r\n      color: #FACC15;\r\n      font-size: 0.8rem;\r\n      position: absolute;\r\n      left: 0;\r\n      top: 2px;\r\n    }\r\n\r\n    .sm-aszf-provider-box {\r\n      background: rgba(17, 24, 39, 0.6);\r\n      border: 1px dashed #4B5563;\r\n      border-radius: 12px;\r\n      padding: 25px;\r\n      margin-bottom: 40px;\r\n    }\r\n\r\n    .sm-aszf-provider-box p {\r\n      margin: 8px 0;\r\n      color: #e5e7eb;\r\n    }\r\n\r\n    .sm-aszf-provider-box strong { color: #ffffff; }\r\n\r\n    .sm-aszf-footer {\r\n      text-align: center;\r\n      margin-top: 60px;\r\n      padding-top: 20px;\r\n      border-top: 1px solid #374151;\r\n      font-size: 0.9rem;\r\n      color: #6b7280;\r\n    }\r\n  <\/style>\r\n\r\n  <div class=\"sm-aszf-container\">\r\n    \r\n    <div class=\"sm-aszf-header\">\r\n      <h1 class=\"sm-aszf-title\">\u00c1ltal\u00e1nos <span class=\"sm-aszf-highlight\">Szerz\u0151d\u00e9si Felt\u00e9telek<\/span> (\u00c1SZF)<\/h1>\r\n      <p class=\"sm-aszf-subtitle\">Hat\u00e1lyos: 2026. m\u00e1rcius 1-t\u0151l visszavon\u00e1sig<\/p>\r\n    <\/div>\r\n\r\n    <div class=\"sm-aszf-section\">\r\n      <h2 class=\"sm-aszf-h2\">1. Szolg\u00e1ltat\u00f3 Adatai<\/h2>\r\n      <div class=\"sm-aszf-provider-box\">\r\n        <p><strong>N\u00e9v:<\/strong> Jamrik Gergely egy\u00e9ni v\u00e1llalkoz\u00f3 (SiteMentor)<\/p>\r\n        <p><strong>Sz\u00e9khely:<\/strong> 1157 Budapest, Erd\u0151ker\u00fcl\u0151 utca 11.<\/p>\r\n        <p><strong>Ad\u00f3sz\u00e1m:<\/strong> 91540618-1-42<\/p>\r\n        <p><strong>Nyilv\u00e1ntart\u00e1si sz\u00e1m:<\/strong> [Ide \u00edrj\u00e1tok be Gerg\u0151 EV nyilv\u00e1ntart\u00e1si sz\u00e1m\u00e1t]<\/p>\r\n        <p><strong>E-mail c\u00edm:<\/strong> info@sitementor.hu<\/p>\r\n        <p><strong>Telefonsz\u00e1m:<\/strong> +36 70 280 6732<\/p>\r\n        <p><strong>Weboldal:<\/strong> <a href=\"https:\/\/sitementor.hu\" style=\"color: #FACC15; text-decoration: none;\">https:\/\/sitementor.hu<\/a><\/p>\r\n      <\/div>\r\n    <\/div>\r\n\r\n    <div class=\"sm-aszf-section\">\r\n      <h2 class=\"sm-aszf-h2\">2. Alapvet\u0151 Rendelkez\u00e9sek<\/h2>\r\n      <p class=\"sm-aszf-text\">A jelen \u00c1ltal\u00e1nos Szerz\u0151d\u00e9si Felt\u00e9telek (a tov\u00e1bbiakban: \u00c1SZF) szab\u00e1lyozz\u00e1k a Jamrik Gergely egy\u00e9ni v\u00e1llalkoz\u00f3 (a tov\u00e1bbiakban: Szolg\u00e1ltat\u00f3) \u00e1ltal a <strong>sitementor.hu<\/strong> weboldalon \u00e9s azon k\u00edv\u00fcl ny\u00fajtott weboldalk\u00e9sz\u00edt\u00e9si, webmesteri, illetve karbantart\u00e1si szolg\u00e1ltat\u00e1sok ig\u00e9nybev\u00e9tel\u00e9nek felt\u00e9teleit.<\/p>\r\n      <p class=\"sm-aszf-text\">A Szolg\u00e1ltat\u00f3 \u00e9s a Megrendel\u0151 (a tov\u00e1bbiakban egy\u00fcttesen: Felek) k\u00f6z\u00f6tti szerz\u0151d\u00e9s a Szolg\u00e1ltat\u00f3 \u00e1ltal k\u00fcld\u00f6tt egyedi \u00e1raj\u00e1nlat \u00edr\u00e1sbeli (e-mail) elfogad\u00e1s\u00e1val, vagy a felek \u00e1ltal al\u00e1\u00edrt egyedi szerz\u0151d\u00e9s megk\u00f6t\u00e9s\u00e9vel j\u00f6n l\u00e9tre, melynek a jelen \u00c1SZF elv\u00e1laszthatatlan r\u00e9sz\u00e9t k\u00e9pezi.<\/p>\r\n    <\/div>\r\n\r\n    <div class=\"sm-aszf-section\">\r\n      <h2 class=\"sm-aszf-h2\">3. Karbantart\u00e1si \u00e9s Webmester Szolg\u00e1ltat\u00e1sok<\/h2>\r\n      <p class=\"sm-aszf-text\">A Szolg\u00e1ltat\u00f3 havi d\u00edjas karbantart\u00e1si csomagokat k\u00edn\u00e1l a Megrendel\u0151k megl\u00e9v\u0151 vagy \u00fajonnan k\u00e9sz\u00fclt weboldalainak \u00fczemeltet\u00e9s\u00e9re. A szolg\u00e1ltat\u00e1s (csomagt\u00f3l f\u00fcgg\u0151en) az al\u00e1bbiakat tartalmazza:<\/p>\r\n      <ul class=\"sm-aszf-list\">\r\n        <li>Weboldal adatb\u00e1zis\u00e1nak \u00e9s f\u00e1jljainak rendszeres (napi\/heti\/havi) biztons\u00e1gi ment\u00e9se.<\/li>\r\n        <li>WordPress alaprendszer, sablonok \u00e9s b\u0151v\u00edtm\u00e9nyek szakszer\u0171 friss\u00edt\u00e9se.<\/li>\r\n        <li>Folyamatos biztons\u00e1gi fel\u00fcgyelet, k\u00e1rtev\u0151 (malware) sz\u0171r\u00e9s \u00e9s el\u00e9rhet\u0151s\u00e9g-monitoroz\u00e1s (uptime).<\/li>\r\n        <li>Meghat\u00e1rozott id\u0151keret\u0171 (support) technikai seg\u00edts\u00e9gny\u00fajt\u00e1s \u00e9s tartalomfelt\u00f6lt\u00e9s.<\/li>\r\n      <\/ul>\r\n      <h3 class=\"sm-aszf-h3\">3.1. Pr\u00e9mium Licencek Biztos\u00edt\u00e1sa<\/h3>\r\n      <p class=\"sm-aszf-text\">A Szolg\u00e1ltat\u00f3 a karbantart\u00e1si szerz\u0151d\u00e9s hat\u00e1lya alatt saj\u00e1t \u00fcgyn\u00f6ks\u00e9gi licencein (pl. HelloWP) kereszt\u00fcl, fel\u00e1r n\u00e9lk\u00fcl biztos\u00edtja a weboldal m\u0171k\u00f6d\u00e9s\u00e9hez \u00e9s fejleszt\u00e9s\u00e9hez sz\u00fcks\u00e9ges pr\u00e9mium b\u0151v\u00edtm\u00e9nyek haszn\u00e1lati jog\u00e1t. A Felek r\u00f6gz\u00edtik, hogy a karbantart\u00e1si szerz\u0151d\u00e9s megsz\u0171n\u00e9se eset\u00e9n ezen licencek visszavon\u00e1sra ker\u00fclhetnek a weboldalr\u00f3l, az esetleges saj\u00e1t licencek megv\u00e1s\u00e1rl\u00e1sa ezt k\u00f6vet\u0151en a Megrendel\u0151t terheli.<\/p>\r\n      \r\n      <h3 class=\"sm-aszf-h3\">3.2. Eseti Fejleszt\u00e9sek<\/h3>\r\n      <p class=\"sm-aszf-text\">A havi karbantart\u00e1si keretet meghalad\u00f3 \u00faj funkci\u00f3k fejleszt\u00e9s\u00e9t vagy nagyobb \u00e1talak\u00edt\u00e1sokat a Szolg\u00e1ltat\u00f3 k\u00fcl\u00f6n eseti \u00e1raj\u00e1nlat alapj\u00e1n v\u00e9gzi el. Az eseti d\u00edjak sz\u00e1ml\u00e1z\u00e1sa a karbantart\u00e1si d\u00edjt\u00f3l f\u00fcggetlen\u00fcl t\u00f6rt\u00e9nik.<\/p>\r\n    <\/div>\r\n\r\n    <div class=\"sm-aszf-section\">\r\n      <h2 class=\"sm-aszf-h2\">4. D\u00edjaz\u00e1s \u00e9s Fizet\u00e9si Felt\u00e9telek<\/h2>\r\n      <p class=\"sm-aszf-text\">A Szolg\u00e1ltat\u00f3 alanyi ad\u00f3mentes (AAM), \u00edgy a kiaj\u00e1nlott \u00e9s kisz\u00e1ml\u00e1zott d\u00edjak 0% \u00c1FA-t tartalmaznak.<\/p>\r\n      <ul class=\"sm-aszf-list\">\r\n        <li><strong>Karbantart\u00e1si d\u00edjak:<\/strong> A Szolg\u00e1ltat\u00f3 a havi karbantart\u00e1si d\u00edjr\u00f3l minden t\u00e1rgyh\u00f3nap 5. napj\u00e1ig elektronikus sz\u00e1ml\u00e1t \u00e1ll\u00edt ki.<\/li>\r\n        <li><strong>Projekt d\u00edjak (Weboldalk\u00e9sz\u00edt\u00e9s):<\/strong> Az egyedi weboldalk\u00e9sz\u00edt\u00e9si projektek d\u00edjaz\u00e1sa jellemz\u0151en t\u00f6bb r\u00e9szletben t\u00f6rt\u00e9nik (pl. 50% el\u0151leg, 50% \u00e1tad\u00e1skor), az egyedi szerz\u0151d\u00e9sben vagy \u00e1raj\u00e1nlatban r\u00f6gz\u00edtettek szerint.<\/li>\r\n      <\/ul>\r\n      <p class=\"sm-aszf-text\">A Megrendel\u0151 k\u00f6teles a sz\u00e1mla ellen\u00e9rt\u00e9k\u00e9t a sz\u00e1ml\u00e1n felt\u00fcntetett fizet\u00e9si hat\u00e1rid\u0151n bel\u00fcl (jellemz\u0151en 8 napt\u00e1ri nap) \u00e1tutal\u00e1ssal megfizetni. K\u00e9sedelmes fizet\u00e9s eset\u00e9n a Szolg\u00e1ltat\u00f3 jogosult a szolg\u00e1ltat\u00e1st felf\u00fcggeszteni, illetve a mindenkori jegybanki alapkamatnak megfelel\u0151 k\u00e9sedelmi kamatot felsz\u00e1m\u00edtani.<\/p>\r\n    <\/div>\r\n\r\n    <div class=\"sm-aszf-section\">\r\n      <h2 class=\"sm-aszf-h2\">5. A Szerz\u0151d\u00e9s Hat\u00e1lya \u00e9s Megsz\u0171n\u00e9se<\/h2>\r\n      <p class=\"sm-aszf-text\">A hat\u00e1rozatlan id\u0151re k\u00f6t\u00f6tt karbantart\u00e1si \u00e9s webmesteri szerz\u0151d\u00e9seket b\u00e1rmelyik f\u00e9l indokol\u00e1s n\u00e9lk\u00fcl, \u00edr\u00e1sban (e-mailben) felmondhatja. A felmond\u00e1si id\u0151 <strong>30 nap<\/strong>, amely a felmond\u00e1s k\u00f6zl\u00e9s\u00e9t k\u00f6vet\u0151 napt\u00e1ri napon kezd\u0151dik.<\/p>\r\n      <p class=\"sm-aszf-text\">S\u00falyos szerz\u0151d\u00e9sszeg\u00e9s (p\u00e9ld\u00e1ul fizet\u00e9si felsz\u00f3l\u00edt\u00e1s ellen\u00e9re is fenn\u00e1ll\u00f3, 30 napot meghalad\u00f3 d\u00edjtartoz\u00e1s, a Szolg\u00e1ltat\u00f3 j\u00f3 h\u00edrnev\u00e9nek megs\u00e9rt\u00e9se, vagy a weboldal illeg\u00e1lis tartalomra val\u00f3 felhaszn\u00e1l\u00e1sa) eset\u00e9n a szerz\u0151d\u00e9s azonnali hat\u00e1llyal felmondhat\u00f3.<\/p>\r\n    <\/div>\r\n\r\n    <div class=\"sm-aszf-section\">\r\n      <h2 class=\"sm-aszf-h2\">6. Felel\u0151ss\u00e9gv\u00e1llal\u00e1s \u00e9s Vis Maior<\/h2>\r\n      <p class=\"sm-aszf-text\">A Szolg\u00e1ltat\u00f3 a t\u0151le elv\u00e1rhat\u00f3 legmagasabb szakmai gondoss\u00e1ggal j\u00e1r el a weboldalak k\u00e9sz\u00edt\u00e9se \u00e9s \u00fczemeltet\u00e9se sor\u00e1n. Mindazon\u00e1ltal a Szolg\u00e1ltat\u00f3 nem v\u00e1llal felel\u0151ss\u00e9get a k\u00f6vetkez\u0151k\u00e9rt:<\/p>\r\n      <ul class=\"sm-aszf-list\">\r\n        <li>A webt\u00e1rhelyet biztos\u00edt\u00f3 harmadik f\u00e9l (pl. Sybell, Mhosting) szerverle\u00e1ll\u00e1saib\u00f3l, hib\u00e1ib\u00f3l ered\u0151 adatveszt\u00e9s\u00e9rt vagy szolg\u00e1ltat\u00e1s-kies\u00e9s\u00e9rt.<\/li>\r\n        <li>A Megrendel\u0151, vagy a Megrendel\u0151 \u00e1ltal felhatalmazott harmadik szem\u00e9ly szakszer\u0171tlen beavatkoz\u00e1s\u00e1b\u00f3l (pl. hib\u00e1s k\u00f3dm\u00f3dos\u00edt\u00e1s, nem enged\u00e9lyezett b\u0151v\u00edtm\u00e9ny telep\u00edt\u00e9se) ered\u0151 hib\u00e1k\u00e9rt.<\/li>\r\n        <li>Vis maior esem\u00e9nyek (term\u00e9szeti csap\u00e1s, h\u00e1bor\u00fa, orsz\u00e1gos interneth\u00e1l\u00f3zat le\u00e1ll\u00e1sa).<\/li>\r\n      <\/ul>\r\n      <p class=\"sm-aszf-text\">Hiba eset\u00e9n a Szolg\u00e1ltat\u00f3 k\u00f6teles (karbantart\u00e1si szerz\u0151d\u00e9s megl\u00e9te eset\u00e9n) a legutols\u00f3 \u00e9p biztons\u00e1gi ment\u00e9sb\u0151l az oldalt a lehet\u0151 legr\u00f6videbb id\u0151n bel\u00fcl helyre\u00e1ll\u00edtani.<\/p>\r\n    <\/div>\r\n\r\n    <div class=\"sm-aszf-section\">\r\n      <h2 class=\"sm-aszf-h2\">7. Szerz\u0151i Jogok \u00e9s Adatv\u00e9delem<\/h2>\r\n      <p class=\"sm-aszf-text\">Az elk\u00e9sz\u00fclt weboldal egyedi forr\u00e1sk\u00f3dja, grafikai diz\u00e1jnja a v\u00e9tel\u00e1r teljes kifizet\u00e9s\u00e9ig a Szolg\u00e1ltat\u00f3 tulajdon\u00e1t k\u00e9pezi. A teljes v\u00e9tel\u00e1r megfizet\u00e9se ut\u00e1n a Megrendel\u0151 korl\u00e1tlan felhaszn\u00e1l\u00e1si jogot szerez a l\u00e9trehozott term\u00e9ken.<\/p>\r\n      <p class=\"sm-aszf-text\">A Szolg\u00e1ltat\u00f3 a szerz\u0151d\u00e9s teljes\u00edt\u00e9se sor\u00e1n tudom\u00e1s\u00e1ra jutott \u00fczleti titkokat, jelszavakat \u00e9s szem\u00e9lyes adatokat bizalmasan kezeli. A szem\u00e9lyes adatok kezel\u00e9s\u00e9re vonatkoz\u00f3 r\u00e9szletes szab\u00e1lyokat a weboldalon tal\u00e1lhat\u00f3 <strong>Adatkezel\u00e9si T\u00e1j\u00e9koztat\u00f3<\/strong> tartalmazza.<\/p>\r\n    <\/div>\r\n\r\n    <div class=\"sm-aszf-footer\">\r\n      <p>Jelen \u00c1ltal\u00e1nos Szerz\u0151d\u00e9si Felt\u00e9telekben nem szab\u00e1lyozott k\u00e9rd\u00e9sekben a Polg\u00e1ri T\u00f6rv\u00e9nyk\u00f6nyv (Ptk.) \u00e9s a vonatkoz\u00f3 magyar jogszab\u00e1lyok rendelkez\u00e9sei az ir\u00e1nyad\u00f3k.<\/p>\r\n      <p><strong>&copy; 2026 SiteMentor. Minden jog fenntartva.<\/strong><\/p>\r\n    <\/div>\r\n\r\n  <\/div>\r\n<\/div>\t\t\t\t<\/div>\n\t\t\t\t<\/div>\n\t\t\t\t\t<\/div>\n\t\t\t\t<\/div>\n\t\t\t\t<\/div>\n\t\t","protected":false},"excerpt":{"rendered":"<p>\u00c1ltal\u00e1nos Szerz\u0151d\u00e9si Felt\u00e9telek (\u00c1SZF) \u00c1ltal\u00e1nos Szerz\u0151d\u00e9si Felt\u00e9telek (\u00c1SZF) Hat\u00e1lyos: 2026. m\u00e1rcius 1-t\u0151l visszavon\u00e1sig 1. Szolg\u00e1ltat\u00f3 Adatai N\u00e9v: Jamrik Gergely egy\u00e9ni v\u00e1llalkoz\u00f3 (SiteMentor) Sz\u00e9khely: 1157 Budapest, Erd\u0151ker\u00fcl\u0151 utca 11. Ad\u00f3sz\u00e1m: 91540618-1-42 Nyilv\u00e1ntart\u00e1si sz\u00e1m: [Ide \u00edrj\u00e1tok be Gerg\u0151 EV nyilv\u00e1ntart\u00e1si sz\u00e1m\u00e1t] E-mail c\u00edm: info@sitementor.hu Telefonsz\u00e1m: +36 70 280 6732 Weboldal: https:\/\/sitementor.hu 2. Alapvet\u0151 Rendelkez\u00e9sek A jelen \u00c1ltal\u00e1nos &#8230; <a title=\"\u00c1ltal\u00e1nos szerz\u0151d\u00e9si felt\u00e9telek\" class=\"read-more\" href=\"https:\/\/sitementor.hu\/en\/altalanos-szerzodesi-feltetelek\/\" aria-label=\"Read more about \u00c1ltal\u00e1nos szerz\u0151d\u00e9si felt\u00e9telek\">Read more<\/a><\/p>\n","protected":false},"author":1,"featured_media":0,"parent":0,"menu_order":0,"comment_status":"closed","ping_status":"closed","template":"","meta":{"_acf_changed":false,"footnotes":""},"class_list":["post-112","page","type-page","status-publish"],"acf":[],"yoast_head":"<!-- This site is optimized with the Yoast SEO Premium plugin v27.4 (Yoast SEO v27.4) - https:\/\/yoast.com\/product\/yoast-seo-premium-wordpress\/ -->\n<title>\u00c1ltal\u00e1nos szerz\u0151d\u00e9si felt\u00e9telek - SITEMENTOR<\/title>\n<meta name=\"description\" content=\"A SiteMentor.hu weboldal \u00c1ltal\u00e1nos Szerz\u0151d\u00e9si Felt\u00e9telei (\u00c1SZF), amely a szolg\u00e1ltat\u00e1sokra, jogokra \u00e9s k\u00f6telezetts\u00e9gekre vonatkoz\u00f3 jogi szab\u00e1lyoz\u00e1sokat tartalmazza.\" \/>\n<meta name=\"robots\" content=\"index, follow, max-snippet:-1, max-image-preview:large, max-video-preview:-1\" \/>\n<link rel=\"canonical\" href=\"https:\/\/sitementor.hu\/en\/unspecified-contract-terms\/\" \/>\n<meta property=\"og:locale\" content=\"en_GB\" \/>\n<meta property=\"og:type\" content=\"article\" \/>\n<meta property=\"og:title\" content=\"\u00c1ltal\u00e1nos szerz\u0151d\u00e9si felt\u00e9telek\" \/>\n<meta property=\"og:description\" content=\"A SiteMentor.hu weboldal \u00c1ltal\u00e1nos Szerz\u0151d\u00e9si Felt\u00e9telei (\u00c1SZF), amely a szolg\u00e1ltat\u00e1sokra, jogokra \u00e9s k\u00f6telezetts\u00e9gekre vonatkoz\u00f3 jogi szab\u00e1lyoz\u00e1sokat tartalmazza.\" \/>\n<meta property=\"og:url\" content=\"https:\/\/sitementor.hu\/en\/unspecified-contract-terms\/\" \/>\n<meta property=\"og:site_name\" content=\"SITEMENTOR\" \/>\n<meta property=\"article:modified_time\" content=\"2026-02-25T15:31:05+00:00\" \/>\n<meta name=\"twitter:card\" content=\"summary_large_image\" \/>\n<meta name=\"twitter:label1\" content=\"Estimated reading time\" \/>\n\t<meta name=\"twitter:data1\" content=\"4 minutes\" \/>\n<script type=\"application\/ld+json\" class=\"yoast-schema-graph\">{\"@context\":\"https:\\\/\\\/schema.org\",\"@graph\":[{\"@type\":\"WebPage\",\"@id\":\"https:\\\/\\\/sitementor.hu\\\/altalanos-szerzodesi-feltetelek\\\/\",\"url\":\"https:\\\/\\\/sitementor.hu\\\/altalanos-szerzodesi-feltetelek\\\/\",\"name\":\"\u00c1ltal\u00e1nos szerz\u0151d\u00e9si felt\u00e9telek - SITEMENTOR\",\"isPartOf\":{\"@id\":\"https:\\\/\\\/sitementor.hu\\\/#website\"},\"datePublished\":\"2025-06-16T18:47:42+00:00\",\"dateModified\":\"2026-02-25T15:31:05+00:00\",\"description\":\"A SiteMentor.hu weboldal \u00c1ltal\u00e1nos Szerz\u0151d\u00e9si Felt\u00e9telei (\u00c1SZF), amely a szolg\u00e1ltat\u00e1sokra, jogokra \u00e9s k\u00f6telezetts\u00e9gekre vonatkoz\u00f3 jogi szab\u00e1lyoz\u00e1sokat tartalmazza.\",\"breadcrumb\":{\"@id\":\"https:\\\/\\\/sitementor.hu\\\/altalanos-szerzodesi-feltetelek\\\/#breadcrumb\"},\"inLanguage\":\"en-GB\",\"potentialAction\":[{\"@type\":\"ReadAction\",\"target\":[\"https:\\\/\\\/sitementor.hu\\\/altalanos-szerzodesi-feltetelek\\\/\"]}]},{\"@type\":\"BreadcrumbList\",\"@id\":\"https:\\\/\\\/sitementor.hu\\\/altalanos-szerzodesi-feltetelek\\\/#breadcrumb\",\"itemListElement\":[{\"@type\":\"ListItem\",\"position\":1,\"name\":\"Kezd\u0151lap\",\"item\":\"https:\\\/\\\/sitementor.hu\\\/\"},{\"@type\":\"ListItem\",\"position\":2,\"name\":\"\u00c1ltal\u00e1nos szerz\u0151d\u00e9si felt\u00e9telek\"}]},{\"@type\":\"WebSite\",\"@id\":\"https:\\\/\\\/sitementor.hu\\\/#website\",\"url\":\"https:\\\/\\\/sitementor.hu\\\/\",\"name\":\"SITEMENTOR\",\"description\":\"SIteMentor\",\"publisher\":{\"@id\":\"https:\\\/\\\/sitementor.hu\\\/#organization\"},\"potentialAction\":[{\"@type\":\"SearchAction\",\"target\":{\"@type\":\"EntryPoint\",\"urlTemplate\":\"https:\\\/\\\/sitementor.hu\\\/?s={search_term_string}\"},\"query-input\":{\"@type\":\"PropertyValueSpecification\",\"valueRequired\":true,\"valueName\":\"search_term_string\"}}],\"inLanguage\":\"en-GB\"},{\"@type\":\"Organization\",\"@id\":\"https:\\\/\\\/sitementor.hu\\\/#organization\",\"name\":\"SITEMENTOR\",\"url\":\"https:\\\/\\\/sitementor.hu\\\/\",\"logo\":{\"@type\":\"ImageObject\",\"inLanguage\":\"en-GB\",\"@id\":\"https:\\\/\\\/sitementor.hu\\\/#\\\/schema\\\/logo\\\/image\\\/\",\"url\":\"https:\\\/\\\/sitementor.hu\\\/wp-content\\\/uploads\\\/2025\\\/06\\\/sitementorlogo-scaled-e1750068409935.webp\",\"contentUrl\":\"https:\\\/\\\/sitementor.hu\\\/wp-content\\\/uploads\\\/2025\\\/06\\\/sitementorlogo-scaled-e1750068409935.webp\",\"width\":1152,\"height\":1020,\"caption\":\"SITEMENTOR\"},\"image\":{\"@id\":\"https:\\\/\\\/sitementor.hu\\\/#\\\/schema\\\/logo\\\/image\\\/\"}}]}<\/script>\n<!-- \/ Yoast SEO Premium plugin. -->","yoast_head_json":{"title":"Terms and conditions - SITEMENTOR","description":"The SiteMentor.hu website's General Terms and Conditions (GTC), which set out the legal terms and conditions governing the services, rights and obligations.","robots":{"index":"index","follow":"follow","max-snippet":"max-snippet:-1","max-image-preview":"max-image-preview:large","max-video-preview":"max-video-preview:-1"},"canonical":"https:\/\/sitementor.hu\/en\/unspecified-contract-terms\/","og_locale":"en_GB","og_type":"article","og_title":"\u00c1ltal\u00e1nos szerz\u0151d\u00e9si felt\u00e9telek","og_description":"A SiteMentor.hu weboldal \u00c1ltal\u00e1nos Szerz\u0151d\u00e9si Felt\u00e9telei (\u00c1SZF), amely a szolg\u00e1ltat\u00e1sokra, jogokra \u00e9s k\u00f6telezetts\u00e9gekre vonatkoz\u00f3 jogi szab\u00e1lyoz\u00e1sokat tartalmazza.","og_url":"https:\/\/sitementor.hu\/en\/unspecified-contract-terms\/","og_site_name":"SITEMENTOR","article_modified_time":"2026-02-25T15:31:05+00:00","twitter_card":"summary_large_image","twitter_misc":{"Estimated reading time":"4 minutes"},"schema":{"@context":"https:\/\/schema.org","@graph":[{"@type":"WebPage","@id":"https:\/\/sitementor.hu\/altalanos-szerzodesi-feltetelek\/","url":"https:\/\/sitementor.hu\/altalanos-szerzodesi-feltetelek\/","name":"Terms and conditions - SITEMENTOR","isPartOf":{"@id":"https:\/\/sitementor.hu\/#website"},"datePublished":"2025-06-16T18:47:42+00:00","dateModified":"2026-02-25T15:31:05+00:00","description":"The SiteMentor.hu website's General Terms and Conditions (GTC), which set out the legal terms and conditions governing the services, rights and obligations.","breadcrumb":{"@id":"https:\/\/sitementor.hu\/altalanos-szerzodesi-feltetelek\/#breadcrumb"},"inLanguage":"en-GB","potentialAction":[{"@type":"ReadAction","target":["https:\/\/sitementor.hu\/altalanos-szerzodesi-feltetelek\/"]}]},{"@type":"BreadcrumbList","@id":"https:\/\/sitementor.hu\/altalanos-szerzodesi-feltetelek\/#breadcrumb","itemListElement":[{"@type":"ListItem","position":1,"name":"Kezd\u0151lap","item":"https:\/\/sitementor.hu\/"},{"@type":"ListItem","position":2,"name":"\u00c1ltal\u00e1nos szerz\u0151d\u00e9si felt\u00e9telek"}]},{"@type":"WebSite","@id":"https:\/\/sitementor.hu\/#website","url":"https:\/\/sitementor.hu\/","name":"SITEMENTOR","description":"SIteMentor","publisher":{"@id":"https:\/\/sitementor.hu\/#organization"},"potentialAction":[{"@type":"SearchAction","target":{"@type":"EntryPoint","urlTemplate":"https:\/\/sitementor.hu\/?s={search_term_string}"},"query-input":{"@type":"PropertyValueSpecification","valueRequired":true,"valueName":"search_term_string"}}],"inLanguage":"en-GB"},{"@type":"Organization","@id":"https:\/\/sitementor.hu\/#organization","name":"SITEMENTOR","url":"https:\/\/sitementor.hu\/","logo":{"@type":"ImageObject","inLanguage":"en-GB","@id":"https:\/\/sitementor.hu\/#\/schema\/logo\/image\/","url":"https:\/\/sitementor.hu\/wp-content\/uploads\/2025\/06\/sitementorlogo-scaled-e1750068409935.webp","contentUrl":"https:\/\/sitementor.hu\/wp-content\/uploads\/2025\/06\/sitementorlogo-scaled-e1750068409935.webp","width":1152,"height":1020,"caption":"SITEMENTOR"},"image":{"@id":"https:\/\/sitementor.hu\/#\/schema\/logo\/image\/"}}]}},"_links":{"self":[{"href":"https:\/\/sitementor.hu\/en\/wp-json\/wp\/v2\/pages\/112","targetHints":{"allow":["GET"]}}],"collection":[{"href":"https:\/\/sitementor.hu\/en\/wp-json\/wp\/v2\/pages"}],"about":[{"href":"https:\/\/sitementor.hu\/en\/wp-json\/wp\/v2\/types\/page"}],"author":[{"embeddable":true,"href":"https:\/\/sitementor.hu\/en\/wp-json\/wp\/v2\/users\/1"}],"replies":[{"embeddable":true,"href":"https:\/\/sitementor.hu\/en\/wp-json\/wp\/v2\/comments?post=112"}],"version-history":[{"count":13,"href":"https:\/\/sitementor.hu\/en\/wp-json\/wp\/v2\/pages\/112\/revisions"}],"predecessor-version":[{"id":3089,"href":"https:\/\/sitementor.hu\/en\/wp-json\/wp\/v2\/pages\/112\/revisions\/3089"}],"wp:attachment":[{"href":"https:\/\/sitementor.hu\/en\/wp-json\/wp\/v2\/media?parent=112"}],"curies":[{"name":"wp","href":"https:\/\/api.w.org\/{rel}","templated":true}]}}